{"id":5365,"date":"2024-06-11T10:34:06","date_gmt":"2024-06-11T07:34:06","guid":{"rendered":"https:\/\/liasgruppe.de\/?page_id=5365"},"modified":"2024-09-09T11:57:18","modified_gmt":"2024-09-09T08:57:18","slug":"fren-grubu","status":"publish","type":"page","link":"https:\/\/liasgruppe.de\/de\/fren-grubu\/","title":{"rendered":"Bremsengruppe"},"content":{"rendered":"<div class=\"wpb-content-wrapper\"><div class=\"vc_row wpb_row vc_row-fluid\"><div class=\"wpb_column vc_column_container vc_col-sm-12\"><div class=\"vc_column-inner\"><div class=\"wpb_wrapper\"><div class=\"vcex-heading vcex-heading-plain vcex-module wpex-heading wpex-text-2xl wpex-text-center\"><span class=\"vcex-heading-inner wpex-inline-block\">Diese Produkte sind f\u00fcr die Sicherheit, Leistung und Haltbarkeit des Bremssystems von entscheidender Bedeutung. Das Bremssystem ist ein entscheidender Bestandteil f\u00fcr die Fahrzeugsicherheit, und die Verwendung hochwertiger Ersatzteile ist unerl\u00e4sslich.<\/span><\/div><\/div><\/div><\/div><\/div><div class=\"vc_row wpb_row vc_row-fluid\"><div class=\"wpb_column vc_column_container vc_col-sm-6\"><div class=\"vc_column-inner vc_custom_1718013735691\"><div class=\"wpb_wrapper\"><div class=\"vcex-heading vcex-heading-plain vcex-module wpex-heading wpex-text-2xl\"><span class=\"vcex-heading-inner wpex-inline-block\">Bremsbel\u00e4ge<\/span><\/div>\n\t<div class=\"wpb_text_column wpb_content_element\" >\n\t\t<div class=\"wpb_wrapper\">\n\t\t\t<p>Wir haben Scheibenbremsbel\u00e4ge und Trommelbremsbel\u00e4ge f\u00fcr Schwerlastfahrzeuge auf Lager. Detaillierte Informationen finden Sie in unserem Katalog.<\/p>\n\n\t\t<\/div>\n\t<\/div>\n<\/div><\/div><\/div><div class=\"wpb_column vc_column_container vc_col-sm-6\"><div class=\"vc_column-inner\"><div class=\"wpb_wrapper\">\n\t<div  class=\"wpb_single_image wpb_content_element vc_align_ wpb_content_element\">\n\t\t\n\t\t<figure class=\"wpb_wrapper vc_figure\">\n\t\t\t<div class=\"vc_single_image-wrapper   vc_box_border_grey\"><img width=\"597\" height=\"415\" src=\"https:\/\/liasgruppe.de\/wp-content\/uploads\/2024\/06\/1-22.png\" class=\"vc_single_image-img attachment-full\" alt=\"\" title=\"1-22\" srcset=\"https:\/\/liasgruppe.de\/wp-content\/uploads\/2024\/06\/1-22.png 597w, https:\/\/liasgruppe.de\/wp-content\/uploads\/2024\/06\/1-22-300x209.png 300w\" sizes=\"(max-width: 597px) 100vw, 597px\" \/><\/div>\n\t\t<\/figure>\n\t<\/div>\n<\/div><\/div><\/div><\/div><div class=\"vc_row wpb_row vc_row-fluid\"><div class=\"wpb_column vc_column_container vc_col-sm-6\"><div class=\"vc_column-inner\"><div class=\"wpb_wrapper\">\n\t<div  class=\"wpb_single_image wpb_content_element vc_align_ wpb_content_element\">\n\t\t\n\t\t<figure class=\"wpb_wrapper vc_figure\">\n\t\t\t<div class=\"vc_single_image-wrapper   vc_box_border_grey\"><img width=\"480\" height=\"286\" src=\"https:\/\/liasgruppe.de\/wp-content\/uploads\/2024\/06\/sddssdsadsad-2.png\" class=\"vc_single_image-img attachment-full\" alt=\"\" title=\"sddssdsadsad-2\" srcset=\"https:\/\/liasgruppe.de\/wp-content\/uploads\/2024\/06\/sddssdsadsad-2.png 480w, https:\/\/liasgruppe.de\/wp-content\/uploads\/2024\/06\/sddssdsadsad-2-300x179.png 300w\" sizes=\"(max-width: 480px) 100vw, 480px\" \/><\/div>\n\t\t<\/figure>\n\t<\/div>\n<\/div><\/div><\/div><div class=\"wpb_column vc_column_container vc_col-sm-6\"><div class=\"vc_column-inner vc_custom_1718013830215\"><div class=\"wpb_wrapper\"><div class=\"vcex-heading vcex-heading-plain vcex-module wpex-heading wpex-text-2xl\"><span class=\"vcex-heading-inner wpex-inline-block\">Bremsscheiben und -trommeln<\/span><\/div>\n\t<div class=\"wpb_text_column wpb_content_element\" >\n\t\t<div class=\"wpb_wrapper\">\n\t\t\t<p>Wir haben Bremsscheiben und Bremstrommeln der Marke KAMSA f\u00fcr Schwerlastfahrzeuge auf Lager. Unsere Produkte sind von Originalqualit\u00e4t. Ausf\u00fchrliche Informationen finden Sie in unserem Katalog.<\/p>\n\n\t\t<\/div>\n\t<\/div>\n<\/div><\/div><\/div><\/div><div class=\"vc_row wpb_row vc_row-fluid\"><div class=\"wpb_column vc_column_container vc_col-sm-6\"><div class=\"vc_column-inner vc_custom_1718013735691\"><div class=\"wpb_wrapper\"><div class=\"vcex-heading vcex-heading-plain vcex-module wpex-heading wpex-text-2xl\"><span class=\"vcex-heading-inner wpex-inline-block\">Bolzen<\/span><\/div>\n\t<div class=\"wpb_text_column wpb_content_element\" >\n\t\t<div class=\"wpb_wrapper\">\n\t\t\t<p>Zu den Bolzenprodukten von Apsan geh\u00f6ren Bolzen f\u00fcr Lastwagen, Anh\u00e4nger, Busse, Kleinbusse, M\u00e4hdrescher und landwirtschaftliche Maschinen. Informationen zu unseren Bolzen und Muttern finden Sie in unseren Katalogen<\/p>\n\n\t\t<\/div>\n\t<\/div>\n<\/div><\/div><\/div><div class=\"wpb_column vc_column_container vc_col-sm-6\"><div class=\"vc_column-inner\"><div class=\"wpb_wrapper\">\n\t<div  class=\"wpb_single_image wpb_content_element vc_align_ wpb_content_element\">\n\t\t\n\t\t<figure class=\"wpb_wrapper vc_figure\">\n\t\t\t<div class=\"vc_single_image-wrapper   vc_box_border_grey\"><img width=\"469\" height=\"354\" src=\"https:\/\/liasgruppe.de\/wp-content\/uploads\/2024\/06\/1-39.png\" class=\"vc_single_image-img attachment-full\" alt=\"\" title=\"1-39\" srcset=\"https:\/\/liasgruppe.de\/wp-content\/uploads\/2024\/06\/1-39.png 469w, https:\/\/liasgruppe.de\/wp-content\/uploads\/2024\/06\/1-39-300x226.png 300w\" sizes=\"(max-width: 469px) 100vw, 469px\" \/><\/div>\n\t\t<\/figure>\n\t<\/div>\n<\/div><\/div><\/div><\/div><div class=\"vc_row wpb_row vc_row-fluid\"><div class=\"wpb_column vc_column_container vc_col-sm-6\"><div class=\"vc_column-inner\"><div class=\"wpb_wrapper\">\n\t<div  class=\"wpb_single_image wpb_content_element vc_align_ wpb_content_element\">\n\t\t\n\t\t<figure class=\"wpb_wrapper vc_figure\">\n\t\t\t<div class=\"vc_single_image-wrapper   vc_box_border_grey\"><img width=\"540\" height=\"368\" src=\"https:\/\/liasgruppe.de\/wp-content\/uploads\/2024\/06\/1-25.png\" class=\"vc_single_image-img attachment-full\" alt=\"\" title=\"1-25\" srcset=\"https:\/\/liasgruppe.de\/wp-content\/uploads\/2024\/06\/1-25.png 540w, https:\/\/liasgruppe.de\/wp-content\/uploads\/2024\/06\/1-25-300x204.png 300w\" sizes=\"(max-width: 540px) 100vw, 540px\" \/><\/div>\n\t\t<\/figure>\n\t<\/div>\n<\/div><\/div><\/div><div class=\"wpb_column vc_column_container vc_col-sm-6\"><div class=\"vc_column-inner vc_custom_1718013830215\"><div class=\"wpb_wrapper\"><div class=\"vcex-heading vcex-heading-plain vcex-module wpex-heading wpex-text-2xl\"><span class=\"vcex-heading-inner wpex-inline-block\">Bremsairbag<\/span><\/div>\n\t<div class=\"wpb_text_column wpb_content_element\" >\n\t\t<div class=\"wpb_wrapper\">\n\t\t\t<p>Der Bremsairbag ist ein wichtiger Bestandteil des Bremssystems des Fahrzeugs. Wir haben verschiedene Arten von Bremsairbags auf Lager. Ausf\u00fchrliche Informationen finden Sie in unserem Katalog.<\/p>\n\n\t\t<\/div>\n\t<\/div>\n<\/div><\/div><\/div><\/div><div class=\"vc_row wpb_row vc_row-fluid\"><div class=\"wpb_column vc_column_container vc_col-sm-6\"><div class=\"vc_column-inner vc_custom_1718013735691\"><div class=\"wpb_wrapper\"><div class=\"vcex-heading vcex-heading-plain vcex-module wpex-heading wpex-text-2xl\"><span class=\"vcex-heading-inner wpex-inline-block\">Bremsbelag<\/span><\/div>\n\t<div class=\"wpb_text_column wpb_content_element\" >\n\t\t<div class=\"wpb_wrapper\">\n\t\t\t<p>Wir haben verschiedene Arten von Bremsbel\u00e4gen der Marke GTSA auf Lager. Weitere Informationen finden Sie in unserem Katalog.<\/p>\n\n\t\t<\/div>\n\t<\/div>\n<\/div><\/div><\/div><div class=\"wpb_column vc_column_container vc_col-sm-6\"><div class=\"vc_column-inner\"><div class=\"wpb_wrapper\">\n\t<div  class=\"wpb_single_image wpb_content_element vc_align_ wpb_content_element\">\n\t\t\n\t\t<figure class=\"wpb_wrapper vc_figure\">\n\t\t\t<div class=\"vc_single_image-wrapper   vc_box_border_grey\"><img width=\"481\" height=\"339\" src=\"https:\/\/liasgruppe.de\/wp-content\/uploads\/2024\/06\/sddssdsadsad-3.png\" class=\"vc_single_image-img attachment-full\" alt=\"\" title=\"sddssdsadsad-3\" srcset=\"https:\/\/liasgruppe.de\/wp-content\/uploads\/2024\/06\/sddssdsadsad-3.png 481w, https:\/\/liasgruppe.de\/wp-content\/uploads\/2024\/06\/sddssdsadsad-3-300x211.png 300w\" sizes=\"(max-width: 481px) 100vw, 481px\" \/><\/div>\n\t\t<\/figure>\n\t<\/div>\n<\/div><\/div><\/div><\/div><div class=\"vc_row wpb_row vc_row-fluid\"><div class=\"wpb_column vc_column_container vc_col-sm-6\"><div class=\"vc_column-inner\"><div class=\"wpb_wrapper\">\n\t<div  class=\"wpb_single_image wpb_content_element vc_align_ wpb_content_element\">\n\t\t\n\t\t<figure class=\"wpb_wrapper vc_figure\">\n\t\t\t<div class=\"vc_single_image-wrapper   vc_box_border_grey\"><img width=\"524\" height=\"346\" src=\"https:\/\/liasgruppe.de\/wp-content\/uploads\/2024\/06\/sddssdsadsad-4.png\" class=\"vc_single_image-img attachment-full\" alt=\"\" title=\"sddssdsadsad-4\" srcset=\"https:\/\/liasgruppe.de\/wp-content\/uploads\/2024\/06\/sddssdsadsad-4.png 524w, https:\/\/liasgruppe.de\/wp-content\/uploads\/2024\/06\/sddssdsadsad-4-300x198.png 300w\" sizes=\"(max-width: 524px) 100vw, 524px\" \/><\/div>\n\t\t<\/figure>\n\t<\/div>\n<\/div><\/div><\/div><div class=\"wpb_column vc_column_container vc_col-sm-6\"><div class=\"vc_column-inner vc_custom_1718013830215\"><div class=\"wpb_wrapper\"><div class=\"vcex-heading vcex-heading-plain vcex-module wpex-heading wpex-text-2xl\"><span class=\"vcex-heading-inner wpex-inline-block\">Reparaturs\u00e4tze f\u00fcr Bremss\u00e4ttel<\/span><\/div>\n\t<div class=\"wpb_text_column wpb_content_element\" >\n\t\t<div class=\"wpb_wrapper\">\n\t\t\t<div class=\"flex-shrink-0 flex flex-col relative items-end\">\n<div>\n<div class=\"pt-0\">\n<div class=\"gizmo-bot-avatar flex h-8 w-8 items-center justify-center overflow-hidden rounded-full\">\n<div class=\"relative p-1 rounded-sm flex items-center justify-center bg-token-main-surface-primary text-token-text-primary h-8 w-8\"><span style=\"color: var(--wpex-text-2); font-size: var(--wpex-body-font-size, 13px);\">In unserem Katalog finden Sie eine Vielzahl von Bremssattel-Reparaturs\u00e4tzen der Marken Knorr, Haldex, Wabco, Meritor, Saf, BPW und Z Cam.<\/span><\/div>\n<\/div>\n<\/div>\n<\/div>\n<\/div>\n\n\t\t<\/div>\n\t<\/div>\n<\/div><\/div><\/div><\/div><div class=\"vc_row wpb_row vc_row-fluid\"><div class=\"wpb_column vc_column_container vc_col-sm-6\"><div class=\"vc_column-inner vc_custom_1718013735691\"><div class=\"wpb_wrapper\"><div class=\"vcex-heading vcex-heading-plain vcex-module wpex-heading wpex-text-2xl\"><span class=\"vcex-heading-inner wpex-inline-block\">Bremsenersatzteile<\/span><\/div>\n\t<div class=\"wpb_text_column wpb_content_element\" >\n\t\t<div class=\"wpb_wrapper\">\n\t\t\t<p>Wir haben Ersatzteile f\u00fcr das Bremssystem auf Lager, darunter Bremsfedern, Bremss\u00e4ttel, Nieten, Bremsbel\u00e4ge und Reparaturs\u00e4tze.<\/p>\n\n\t\t<\/div>\n\t<\/div>\n<\/div><\/div><\/div><div class=\"wpb_column vc_column_container vc_col-sm-6\"><div class=\"vc_column-inner\"><div class=\"wpb_wrapper\">\n\t<div  class=\"wpb_single_image wpb_content_element vc_align_ wpb_content_element\">\n\t\t\n\t\t<figure class=\"wpb_wrapper vc_figure\">\n\t\t\t<div class=\"vc_single_image-wrapper   vc_box_border_grey\"><img width=\"529\" height=\"275\" src=\"https:\/\/liasgruppe.de\/wp-content\/uploads\/2024\/06\/1-28.png\" class=\"vc_single_image-img attachment-full\" alt=\"\" title=\"1-28\" srcset=\"https:\/\/liasgruppe.de\/wp-content\/uploads\/2024\/06\/1-28.png 529w, https:\/\/liasgruppe.de\/wp-content\/uploads\/2024\/06\/1-28-300x156.png 300w\" sizes=\"(max-width: 529px) 100vw, 529px\" \/><\/div>\n\t\t<\/figure>\n\t<\/div>\n<\/div><\/div><\/div><\/div><div class=\"vc_row wpb_row vc_row-fluid\"><div class=\"wpb_column vc_column_container vc_col-sm-6\"><div class=\"vc_column-inner\"><div class=\"wpb_wrapper\">\n\t<div  class=\"wpb_single_image wpb_content_element vc_align_ wpb_content_element\">\n\t\t\n\t\t<figure class=\"wpb_wrapper vc_figure\">\n\t\t\t<div class=\"vc_single_image-wrapper   vc_box_border_grey\"><img width=\"546\" height=\"386\" src=\"https:\/\/liasgruppe.de\/wp-content\/uploads\/2024\/06\/1-29.png\" class=\"vc_single_image-img attachment-full\" alt=\"\" title=\"1-29\" srcset=\"https:\/\/liasgruppe.de\/wp-content\/uploads\/2024\/06\/1-29.png 546w, https:\/\/liasgruppe.de\/wp-content\/uploads\/2024\/06\/1-29-300x212.png 300w\" sizes=\"(max-width: 546px) 100vw, 546px\" \/><\/div>\n\t\t<\/figure>\n\t<\/div>\n<\/div><\/div><\/div><div class=\"wpb_column vc_column_container vc_col-sm-6\"><div class=\"vc_column-inner vc_custom_1718013830215\"><div class=\"wpb_wrapper\"><div class=\"vcex-heading vcex-heading-plain vcex-module wpex-heading wpex-text-2xl\"><span class=\"vcex-heading-inner wpex-inline-block\">Hub<\/span><\/div>\n\t<div class=\"wpb_text_column wpb_content_element\" >\n\t\t<div class=\"wpb_wrapper\">\n\t\t\t<p>Schwerlastfahrzeugteile, einschlie\u00dflich Anh\u00e4nger, K\u00f6nigszapfen, Buchsen und Dichtungen, sind in unserem Bestand jederzeit verf\u00fcgbar. Eine umfassende Produktliste finden Sie in unserem Katalog.<\/p>\n\n\t\t<\/div>\n\t<\/div>\n<\/div><\/div><\/div><\/div><div class=\"vc_row wpb_row vc_row-fluid\"><div class=\"wpb_column vc_column_container vc_col-sm-6\"><div class=\"vc_column-inner vc_custom_1718013735691\"><div class=\"wpb_wrapper\"><div class=\"vcex-heading vcex-heading-plain vcex-module wpex-heading wpex-text-2xl\"><span class=\"vcex-heading-inner wpex-inline-block\">Ventil<\/span><\/div>\n\t<div class=\"wpb_text_column wpb_content_element\" >\n\t\t<div class=\"wpb_wrapper\">\n\t\t\t<p>Wir haben eine gro\u00dfe Auswahl an Ventilen f\u00fcr Schwerlastfahrzeuge und Anh\u00e4nger auf Lager. Weitere Informationen finden Sie in unserem Produktkatalog.<\/p>\n\n\t\t<\/div>\n\t<\/div>\n<\/div><\/div><\/div><div class=\"wpb_column vc_column_container vc_col-sm-6\"><div class=\"vc_column-inner\"><div class=\"wpb_wrapper\">\n\t<div  class=\"wpb_single_image wpb_content_element vc_align_ wpb_content_element\">\n\t\t\n\t\t<figure class=\"wpb_wrapper vc_figure\">\n\t\t\t<div class=\"vc_single_image-wrapper   vc_box_border_grey\"><img width=\"556\" height=\"411\" src=\"https:\/\/liasgruppe.de\/wp-content\/uploads\/2024\/06\/1-30.png\" class=\"vc_single_image-img attachment-full\" alt=\"\" title=\"1-30\" srcset=\"https:\/\/liasgruppe.de\/wp-content\/uploads\/2024\/06\/1-30.png 556w, https:\/\/liasgruppe.de\/wp-content\/uploads\/2024\/06\/1-30-300x222.png 300w\" sizes=\"(max-width: 556px) 100vw, 556px\" \/><\/div>\n\t\t<\/figure>\n\t<\/div>\n<\/div><\/div><\/div><\/div><div class=\"vc_row wpb_row vc_row-fluid\"><div class=\"wpb_column vc_column_container vc_col-sm-6\"><div class=\"vc_column-inner\"><div class=\"wpb_wrapper\">\n\t<div  class=\"wpb_single_image wpb_content_element vc_align_ wpb_content_element\">\n\t\t\n\t\t<figure class=\"wpb_wrapper vc_figure\">\n\t\t\t<div class=\"vc_single_image-wrapper   vc_box_border_grey\"><img width=\"560\" height=\"398\" src=\"https:\/\/liasgruppe.de\/wp-content\/uploads\/2024\/06\/1-31.png\" class=\"vc_single_image-img attachment-full\" alt=\"\" title=\"1-31\" srcset=\"https:\/\/liasgruppe.de\/wp-content\/uploads\/2024\/06\/1-31.png 560w, https:\/\/liasgruppe.de\/wp-content\/uploads\/2024\/06\/1-31-300x213.png 300w\" sizes=\"(max-width: 560px) 100vw, 560px\" \/><\/div>\n\t\t<\/figure>\n\t<\/div>\n<\/div><\/div><\/div><div class=\"wpb_column vc_column_container vc_col-sm-6\"><div class=\"vc_column-inner vc_custom_1718013830215\"><div class=\"wpb_wrapper\"><div class=\"vcex-heading vcex-heading-plain vcex-module wpex-heading wpex-text-2xl\"><span class=\"vcex-heading-inner wpex-inline-block\">Bremsenreiniger<\/span><\/div>\n\t<div class=\"wpb_text_column wpb_content_element\" >\n\t\t<div class=\"wpb_wrapper\">\n\t\t\t<p>Unser Sortiment an chemischen Produkten umfasst Bremsenreiniger, Rostl\u00f6ser und andere Hilfsprodukte.<\/p>\n\n\t\t<\/div>\n\t<\/div>\n<\/div><\/div><\/div><\/div>\n<\/div>","protected":false},"excerpt":{"rendered":"These products are crucial for the safety, performance, and durability of the braking system. The braking system is a critical component for vehicle safety, and the use of high-quality spare parts is essential.Brake Pads We have disk brake pads and drum brake pads for heavy-duty vehicles in stock. You can find detailed information in our&hellip;","protected":false},"author":1,"featured_media":0,"parent":0,"menu_order":0,"comment_status":"closed","ping_status":"closed","template":"templates\/no-sidebar.php","meta":{"inline_featured_image":false,"footnotes":""},"class_list":["post-5365","page","type-page","status-publish","hentry","entry","no-media"],"_links":{"self":[{"href":"https:\/\/liasgruppe.de\/de\/wp-json\/wp\/v2\/pages\/5365","targetHints":{"allow":["GET"]}}],"collection":[{"href":"https:\/\/liasgruppe.de\/de\/wp-json\/wp\/v2\/pages"}],"about":[{"href":"https:\/\/liasgruppe.de\/de\/wp-json\/wp\/v2\/types\/page"}],"author":[{"embeddable":true,"href":"https:\/\/liasgruppe.de\/de\/wp-json\/wp\/v2\/users\/1"}],"replies":[{"embeddable":true,"href":"https:\/\/liasgruppe.de\/de\/wp-json\/wp\/v2\/comments?post=5365"}],"version-history":[{"count":3,"href":"https:\/\/liasgruppe.de\/de\/wp-json\/wp\/v2\/pages\/5365\/revisions"}],"predecessor-version":[{"id":6000,"href":"https:\/\/liasgruppe.de\/de\/wp-json\/wp\/v2\/pages\/5365\/revisions\/6000"}],"wp:attachment":[{"href":"https:\/\/liasgruppe.de\/de\/wp-json\/wp\/v2\/media?parent=5365"}],"curies":[{"name":"wp","href":"https:\/\/api.w.org\/{rel}","templated":true}]}}