{"id":5664,"date":"2024-07-05T10:37:45","date_gmt":"2024-07-05T07:37:45","guid":{"rendered":"https:\/\/liasgruppe.de\/?page_id=5664"},"modified":"2024-07-05T10:37:45","modified_gmt":"2024-07-05T07:37:45","slug":"tutsuluk","status":"publish","type":"page","link":"https:\/\/liasgruppe.de\/de\/tutsuluk\/","title":{"rendered":"R\u00e4uchergef\u00e4\u00df"},"content":{"rendered":"<div class=\"wpb-content-wrapper\"><div class=\"vc_row wpb_row vc_row-fluid\"><div class=\"wpb_column vc_column_container vc_col-sm-12\"><div class=\"vc_column-inner\"><div class=\"wpb_wrapper\"><div class=\"vcex-image-grid-wrap wpex-clr\"><div class=\"vcex-module vcex-image-grid grid-style-default wpex-row wpex-clr wpex-lightbox-group\"><div class=\"id-5667 vcex-image-grid-entry vcex-grid-item textcenter span_1_of_4 col col-1\"><figure class=\"vcex-image-grid-entry-figure wpex-last-mb-0 wpex-clr\"><div class=\"vcex-image-grid-entry-img entry-media wpex-mb-20\"><a href=\"https:\/\/liasgruppe.de\/wp-content\/uploads\/2024\/07\/tutsuluk-3-scaled-1500x1500.jpg\" class=\"vcex-image-grid-entry-link wpex-lightbox-group-item\" ><img loading=\"lazy\" class=\"wpex-align-middle\" decoding=\"async\" src=\"https:\/\/liasgruppe.de\/wp-content\/uploads\/2024\/07\/tutsuluk-3-scaled-150x150.jpg\" alt=\"\" srcset=\"https:\/\/liasgruppe.de\/wp-content\/uploads\/2024\/07\/tutsuluk-3-scaled-150x150.jpg 150w, https:\/\/liasgruppe.de\/wp-content\/uploads\/2024\/07\/tutsuluk-3-scaled-150x150@2x.jpg 300w, https:\/\/liasgruppe.de\/wp-content\/uploads\/2024\/07\/tutsuluk-3-1024x1024.jpg 1024w, https:\/\/liasgruppe.de\/wp-content\/uploads\/2024\/07\/tutsuluk-3-768x768.jpg 768w, https:\/\/liasgruppe.de\/wp-content\/uploads\/2024\/07\/tutsuluk-3-1536x1536.jpg 1536w, https:\/\/liasgruppe.de\/wp-content\/uploads\/2024\/07\/tutsuluk-3-2048x2048.jpg 2048w, https:\/\/liasgruppe.de\/wp-content\/uploads\/2024\/07\/tutsuluk-3-600x600.jpg 600w, https:\/\/liasgruppe.de\/wp-content\/uploads\/2024\/07\/tutsuluk-3-100x100.jpg 100w, https:\/\/liasgruppe.de\/wp-content\/uploads\/2024\/07\/tutsuluk-3-scaled-1500x1500.jpg 1500w, https:\/\/liasgruppe.de\/wp-content\/uploads\/2024\/07\/tutsuluk-3-scaled-150x150@2x.jpg 2x\" width=\"150\" height=\"150\"><\/a><\/div><\/figure><\/div><div class=\"id-5668 vcex-image-grid-entry vcex-grid-item textcenter span_1_of_4 col col-2\"><figure class=\"vcex-image-grid-entry-figure wpex-last-mb-0 wpex-clr\"><div class=\"vcex-image-grid-entry-img entry-media wpex-mb-20\"><a href=\"https:\/\/liasgruppe.de\/wp-content\/uploads\/2024\/07\/tutsuluk-4-scaled-1500x1500.jpg\" class=\"vcex-image-grid-entry-link wpex-lightbox-group-item\" ><img loading=\"lazy\" class=\"wpex-align-middle\" decoding=\"async\" src=\"https:\/\/liasgruppe.de\/wp-content\/uploads\/2024\/07\/tutsuluk-4-scaled-150x150.jpg\" alt=\"\" srcset=\"https:\/\/liasgruppe.de\/wp-content\/uploads\/2024\/07\/tutsuluk-4-scaled-150x150.jpg 150w, https:\/\/liasgruppe.de\/wp-content\/uploads\/2024\/07\/tutsuluk-4-scaled-150x150@2x.jpg 300w, https:\/\/liasgruppe.de\/wp-content\/uploads\/2024\/07\/tutsuluk-4-1024x1024.jpg 1024w, https:\/\/liasgruppe.de\/wp-content\/uploads\/2024\/07\/tutsuluk-4-768x768.jpg 768w, https:\/\/liasgruppe.de\/wp-content\/uploads\/2024\/07\/tutsuluk-4-1536x1536.jpg 1536w, https:\/\/liasgruppe.de\/wp-content\/uploads\/2024\/07\/tutsuluk-4-2048x2048.jpg 2048w, https:\/\/liasgruppe.de\/wp-content\/uploads\/2024\/07\/tutsuluk-4-600x600.jpg 600w, https:\/\/liasgruppe.de\/wp-content\/uploads\/2024\/07\/tutsuluk-4-100x100.jpg 100w, https:\/\/liasgruppe.de\/wp-content\/uploads\/2024\/07\/tutsuluk-4-scaled-1500x1500.jpg 1500w, https:\/\/liasgruppe.de\/wp-content\/uploads\/2024\/07\/tutsuluk-4-scaled-150x150@2x.jpg 2x\" width=\"150\" height=\"150\"><\/a><\/div><\/figure><\/div><div class=\"id-5670 vcex-image-grid-entry vcex-grid-item textcenter span_1_of_4 col col-3\"><figure class=\"vcex-image-grid-entry-figure wpex-last-mb-0 wpex-clr\"><div class=\"vcex-image-grid-entry-img entry-media wpex-mb-20\"><a href=\"https:\/\/liasgruppe.de\/wp-content\/uploads\/2024\/07\/tutsuluk-6-scaled-1500x1500.jpg\" class=\"vcex-image-grid-entry-link wpex-lightbox-group-item\" ><img loading=\"lazy\" class=\"wpex-align-middle\" decoding=\"async\" src=\"https:\/\/liasgruppe.de\/wp-content\/uploads\/2024\/07\/tutsuluk-6-scaled-150x150.jpg\" alt=\"\" srcset=\"https:\/\/liasgruppe.de\/wp-content\/uploads\/2024\/07\/tutsuluk-6-scaled-150x150.jpg 150w, https:\/\/liasgruppe.de\/wp-content\/uploads\/2024\/07\/tutsuluk-6-scaled-150x150@2x.jpg 300w, https:\/\/liasgruppe.de\/wp-content\/uploads\/2024\/07\/tutsuluk-6-1024x1024.jpg 1024w, https:\/\/liasgruppe.de\/wp-content\/uploads\/2024\/07\/tutsuluk-6-768x768.jpg 768w, https:\/\/liasgruppe.de\/wp-content\/uploads\/2024\/07\/tutsuluk-6-1536x1536.jpg 1536w, https:\/\/liasgruppe.de\/wp-content\/uploads\/2024\/07\/tutsuluk-6-2048x2048.jpg 2048w, https:\/\/liasgruppe.de\/wp-content\/uploads\/2024\/07\/tutsuluk-6-600x600.jpg 600w, https:\/\/liasgruppe.de\/wp-content\/uploads\/2024\/07\/tutsuluk-6-100x100.jpg 100w, https:\/\/liasgruppe.de\/wp-content\/uploads\/2024\/07\/tutsuluk-6-scaled-1500x1500.jpg 1500w, https:\/\/liasgruppe.de\/wp-content\/uploads\/2024\/07\/tutsuluk-6-scaled-150x150@2x.jpg 2x\" width=\"150\" height=\"150\"><\/a><\/div><\/figure><\/div><div class=\"id-5671 vcex-image-grid-entry vcex-grid-item textcenter span_1_of_4 col col-4\"><figure class=\"vcex-image-grid-entry-figure wpex-last-mb-0 wpex-clr\"><div class=\"vcex-image-grid-entry-img entry-media wpex-mb-20\"><a href=\"https:\/\/liasgruppe.de\/wp-content\/uploads\/2024\/07\/tutsuluk-7-scaled-1500x1500.jpg\" class=\"vcex-image-grid-entry-link wpex-lightbox-group-item\" ><img loading=\"lazy\" class=\"wpex-align-middle\" decoding=\"async\" src=\"https:\/\/liasgruppe.de\/wp-content\/uploads\/2024\/07\/tutsuluk-7-scaled-150x150.jpg\" alt=\"\" srcset=\"https:\/\/liasgruppe.de\/wp-content\/uploads\/2024\/07\/tutsuluk-7-scaled-150x150.jpg 150w, https:\/\/liasgruppe.de\/wp-content\/uploads\/2024\/07\/tutsuluk-7-scaled-150x150@2x.jpg 300w, https:\/\/liasgruppe.de\/wp-content\/uploads\/2024\/07\/tutsuluk-7-1024x1024.jpg 1024w, https:\/\/liasgruppe.de\/wp-content\/uploads\/2024\/07\/tutsuluk-7-768x768.jpg 768w, https:\/\/liasgruppe.de\/wp-content\/uploads\/2024\/07\/tutsuluk-7-1536x1536.jpg 1536w, https:\/\/liasgruppe.de\/wp-content\/uploads\/2024\/07\/tutsuluk-7-2048x2048.jpg 2048w, https:\/\/liasgruppe.de\/wp-content\/uploads\/2024\/07\/tutsuluk-7-600x600.jpg 600w, https:\/\/liasgruppe.de\/wp-content\/uploads\/2024\/07\/tutsuluk-7-100x100.jpg 100w, https:\/\/liasgruppe.de\/wp-content\/uploads\/2024\/07\/tutsuluk-7-scaled-1500x1500.jpg 1500w, https:\/\/liasgruppe.de\/wp-content\/uploads\/2024\/07\/tutsuluk-7-scaled-150x150@2x.jpg 2x\" width=\"150\" height=\"150\"><\/a><\/div><\/figure><\/div><div class=\"id-5672 vcex-image-grid-entry vcex-grid-item textcenter span_1_of_4 col col-1\"><figure class=\"vcex-image-grid-entry-figure wpex-last-mb-0 wpex-clr\"><div class=\"vcex-image-grid-entry-img entry-media wpex-mb-20\"><a href=\"https:\/\/liasgruppe.de\/wp-content\/uploads\/2024\/07\/tutsuluk-8-scaled-1500x1500.jpg\" class=\"vcex-image-grid-entry-link wpex-lightbox-group-item\" ><img loading=\"lazy\" class=\"wpex-align-middle\" decoding=\"async\" src=\"https:\/\/liasgruppe.de\/wp-content\/uploads\/2024\/07\/tutsuluk-8-scaled-150x150.jpg\" alt=\"\" srcset=\"https:\/\/liasgruppe.de\/wp-content\/uploads\/2024\/07\/tutsuluk-8-scaled-150x150.jpg 150w, https:\/\/liasgruppe.de\/wp-content\/uploads\/2024\/07\/tutsuluk-8-scaled-150x150@2x.jpg 300w, https:\/\/liasgruppe.de\/wp-content\/uploads\/2024\/07\/tutsuluk-8-1024x1024.jpg 1024w, https:\/\/liasgruppe.de\/wp-content\/uploads\/2024\/07\/tutsuluk-8-768x768.jpg 768w, https:\/\/liasgruppe.de\/wp-content\/uploads\/2024\/07\/tutsuluk-8-1536x1536.jpg 1536w, https:\/\/liasgruppe.de\/wp-content\/uploads\/2024\/07\/tutsuluk-8-2048x2048.jpg 2048w, https:\/\/liasgruppe.de\/wp-content\/uploads\/2024\/07\/tutsuluk-8-600x600.jpg 600w, https:\/\/liasgruppe.de\/wp-content\/uploads\/2024\/07\/tutsuluk-8-100x100.jpg 100w, https:\/\/liasgruppe.de\/wp-content\/uploads\/2024\/07\/tutsuluk-8-scaled-1500x1500.jpg 1500w, https:\/\/liasgruppe.de\/wp-content\/uploads\/2024\/07\/tutsuluk-8-scaled-150x150@2x.jpg 2x\" width=\"150\" height=\"150\"><\/a><\/div><\/figure><\/div><div class=\"id-5673 vcex-image-grid-entry vcex-grid-item textcenter span_1_of_4 col col-2\"><figure class=\"vcex-image-grid-entry-figure wpex-last-mb-0 wpex-clr\"><div class=\"vcex-image-grid-entry-img entry-media wpex-mb-20\"><a href=\"https:\/\/liasgruppe.de\/wp-content\/uploads\/2024\/07\/tutsuluk-9-scaled-1500x1500.jpg\" class=\"vcex-image-grid-entry-link wpex-lightbox-group-item\" ><img loading=\"lazy\" class=\"wpex-align-middle\" decoding=\"async\" src=\"https:\/\/liasgruppe.de\/wp-content\/uploads\/2024\/07\/tutsuluk-9-scaled-150x150.jpg\" alt=\"\" srcset=\"https:\/\/liasgruppe.de\/wp-content\/uploads\/2024\/07\/tutsuluk-9-scaled-150x150.jpg 150w, https:\/\/liasgruppe.de\/wp-content\/uploads\/2024\/07\/tutsuluk-9-scaled-150x150@2x.jpg 300w, https:\/\/liasgruppe.de\/wp-content\/uploads\/2024\/07\/tutsuluk-9-1024x1024.jpg 1024w, https:\/\/liasgruppe.de\/wp-content\/uploads\/2024\/07\/tutsuluk-9-768x768.jpg 768w, https:\/\/liasgruppe.de\/wp-content\/uploads\/2024\/07\/tutsuluk-9-1536x1536.jpg 1536w, https:\/\/liasgruppe.de\/wp-content\/uploads\/2024\/07\/tutsuluk-9-2048x2048.jpg 2048w, https:\/\/liasgruppe.de\/wp-content\/uploads\/2024\/07\/tutsuluk-9-600x600.jpg 600w, https:\/\/liasgruppe.de\/wp-content\/uploads\/2024\/07\/tutsuluk-9-100x100.jpg 100w, https:\/\/liasgruppe.de\/wp-content\/uploads\/2024\/07\/tutsuluk-9-scaled-1500x1500.jpg 1500w, https:\/\/liasgruppe.de\/wp-content\/uploads\/2024\/07\/tutsuluk-9-scaled-150x150@2x.jpg 2x\" width=\"150\" height=\"150\"><\/a><\/div><\/figure><\/div><div class=\"id-5674 vcex-image-grid-entry vcex-grid-item textcenter span_1_of_4 col col-3\"><figure class=\"vcex-image-grid-entry-figure wpex-last-mb-0 wpex-clr\"><div class=\"vcex-image-grid-entry-img entry-media wpex-mb-20\"><a href=\"https:\/\/liasgruppe.de\/wp-content\/uploads\/2024\/07\/tutsuluk-10-scaled-1500x1500.jpg\" class=\"vcex-image-grid-entry-link wpex-lightbox-group-item\" ><img loading=\"lazy\" class=\"wpex-align-middle\" decoding=\"async\" src=\"https:\/\/liasgruppe.de\/wp-content\/uploads\/2024\/07\/tutsuluk-10-scaled-150x150.jpg\" alt=\"\" srcset=\"https:\/\/liasgruppe.de\/wp-content\/uploads\/2024\/07\/tutsuluk-10-scaled-150x150.jpg 150w, https:\/\/liasgruppe.de\/wp-content\/uploads\/2024\/07\/tutsuluk-10-scaled-150x150@2x.jpg 300w, https:\/\/liasgruppe.de\/wp-content\/uploads\/2024\/07\/tutsuluk-10-1024x1024.jpg 1024w, https:\/\/liasgruppe.de\/wp-content\/uploads\/2024\/07\/tutsuluk-10-768x768.jpg 768w, https:\/\/liasgruppe.de\/wp-content\/uploads\/2024\/07\/tutsuluk-10-1536x1536.jpg 1536w, https:\/\/liasgruppe.de\/wp-content\/uploads\/2024\/07\/tutsuluk-10-2048x2048.jpg 2048w, https:\/\/liasgruppe.de\/wp-content\/uploads\/2024\/07\/tutsuluk-10-600x600.jpg 600w, https:\/\/liasgruppe.de\/wp-content\/uploads\/2024\/07\/tutsuluk-10-100x100.jpg 100w, https:\/\/liasgruppe.de\/wp-content\/uploads\/2024\/07\/tutsuluk-10-scaled-1500x1500.jpg 1500w, https:\/\/liasgruppe.de\/wp-content\/uploads\/2024\/07\/tutsuluk-10-scaled-150x150@2x.jpg 2x\" width=\"150\" height=\"150\"><\/a><\/div><\/figure><\/div><div class=\"id-5675 vcex-image-grid-entry vcex-grid-item textcenter span_1_of_4 col col-4\"><figure class=\"vcex-image-grid-entry-figure wpex-last-mb-0 wpex-clr\"><div class=\"vcex-image-grid-entry-img entry-media wpex-mb-20\"><a href=\"https:\/\/liasgruppe.de\/wp-content\/uploads\/2024\/07\/tutsuluk-11-scaled-1500x1500.jpg\" class=\"vcex-image-grid-entry-link wpex-lightbox-group-item\" ><img loading=\"lazy\" class=\"wpex-align-middle\" decoding=\"async\" src=\"https:\/\/liasgruppe.de\/wp-content\/uploads\/2024\/07\/tutsuluk-11-scaled-150x150.jpg\" alt=\"\" srcset=\"https:\/\/liasgruppe.de\/wp-content\/uploads\/2024\/07\/tutsuluk-11-scaled-150x150.jpg 150w, https:\/\/liasgruppe.de\/wp-content\/uploads\/2024\/07\/tutsuluk-11-scaled-150x150@2x.jpg 300w, https:\/\/liasgruppe.de\/wp-content\/uploads\/2024\/07\/tutsuluk-11-1024x1024.jpg 1024w, https:\/\/liasgruppe.de\/wp-content\/uploads\/2024\/07\/tutsuluk-11-768x768.jpg 768w, https:\/\/liasgruppe.de\/wp-content\/uploads\/2024\/07\/tutsuluk-11-1536x1536.jpg 1536w, https:\/\/liasgruppe.de\/wp-content\/uploads\/2024\/07\/tutsuluk-11-2048x2048.jpg 2048w, https:\/\/liasgruppe.de\/wp-content\/uploads\/2024\/07\/tutsuluk-11-600x600.jpg 600w, https:\/\/liasgruppe.de\/wp-content\/uploads\/2024\/07\/tutsuluk-11-100x100.jpg 100w, https:\/\/liasgruppe.de\/wp-content\/uploads\/2024\/07\/tutsuluk-11-scaled-1500x1500.jpg 1500w, https:\/\/liasgruppe.de\/wp-content\/uploads\/2024\/07\/tutsuluk-11-scaled-150x150@2x.jpg 2x\" width=\"150\" height=\"150\"><\/a><\/div><\/figure><\/div><div class=\"id-5676 vcex-image-grid-entry vcex-grid-item textcenter span_1_of_4 col col-1\"><figure class=\"vcex-image-grid-entry-figure wpex-last-mb-0 wpex-clr\"><div class=\"vcex-image-grid-entry-img entry-media wpex-mb-20\"><a href=\"https:\/\/liasgruppe.de\/wp-content\/uploads\/2024\/07\/tutsuluk-12-scaled-1500x1500.jpg\" class=\"vcex-image-grid-entry-link wpex-lightbox-group-item\" ><img loading=\"lazy\" class=\"wpex-align-middle\" decoding=\"async\" src=\"https:\/\/liasgruppe.de\/wp-content\/uploads\/2024\/07\/tutsuluk-12-scaled-150x150.jpg\" alt=\"\" srcset=\"https:\/\/liasgruppe.de\/wp-content\/uploads\/2024\/07\/tutsuluk-12-scaled-150x150.jpg 150w, https:\/\/liasgruppe.de\/wp-content\/uploads\/2024\/07\/tutsuluk-12-scaled-150x150@2x.jpg 300w, https:\/\/liasgruppe.de\/wp-content\/uploads\/2024\/07\/tutsuluk-12-1024x1024.jpg 1024w, https:\/\/liasgruppe.de\/wp-content\/uploads\/2024\/07\/tutsuluk-12-768x768.jpg 768w, https:\/\/liasgruppe.de\/wp-content\/uploads\/2024\/07\/tutsuluk-12-1536x1536.jpg 1536w, https:\/\/liasgruppe.de\/wp-content\/uploads\/2024\/07\/tutsuluk-12-2048x2048.jpg 2048w, https:\/\/liasgruppe.de\/wp-content\/uploads\/2024\/07\/tutsuluk-12-600x600.jpg 600w, https:\/\/liasgruppe.de\/wp-content\/uploads\/2024\/07\/tutsuluk-12-100x100.jpg 100w, https:\/\/liasgruppe.de\/wp-content\/uploads\/2024\/07\/tutsuluk-12-scaled-1500x1500.jpg 1500w, https:\/\/liasgruppe.de\/wp-content\/uploads\/2024\/07\/tutsuluk-12-scaled-150x150@2x.jpg 2x\" width=\"150\" height=\"150\"><\/a><\/div><\/figure><\/div><\/div><\/div><\/div><\/div><\/div><\/div>\n<\/div>","protected":false},"excerpt":{"rendered":"","protected":false},"author":1,"featured_media":0,"parent":0,"menu_order":0,"comment_status":"closed","ping_status":"closed","template":"templates\/no-sidebar.php","meta":{"inline_featured_image":false,"footnotes":""},"class_list":["post-5664","page","type-page","status-publish","hentry","entry","no-media"],"_links":{"self":[{"href":"https:\/\/liasgruppe.de\/de\/wp-json\/wp\/v2\/pages\/5664","targetHints":{"allow":["GET"]}}],"collection":[{"href":"https:\/\/liasgruppe.de\/de\/wp-json\/wp\/v2\/pages"}],"about":[{"href":"https:\/\/liasgruppe.de\/de\/wp-json\/wp\/v2\/types\/page"}],"author":[{"embeddable":true,"href":"https:\/\/liasgruppe.de\/de\/wp-json\/wp\/v2\/users\/1"}],"replies":[{"embeddable":true,"href":"https:\/\/liasgruppe.de\/de\/wp-json\/wp\/v2\/comments?post=5664"}],"version-history":[{"count":1,"href":"https:\/\/liasgruppe.de\/de\/wp-json\/wp\/v2\/pages\/5664\/revisions"}],"predecessor-version":[{"id":5677,"href":"https:\/\/liasgruppe.de\/de\/wp-json\/wp\/v2\/pages\/5664\/revisions\/5677"}],"wp:attachment":[{"href":"https:\/\/liasgruppe.de\/de\/wp-json\/wp\/v2\/media?parent=5664"}],"curies":[{"name":"wp","href":"https:\/\/api.w.org\/{rel}","templated":true}]}}