{"id":5684,"date":"2024-07-08T15:22:27","date_gmt":"2024-07-08T12:22:27","guid":{"rendered":"https:\/\/liasgruppe.de\/?page_id=5684"},"modified":"2024-10-31T11:30:11","modified_gmt":"2024-10-31T08:30:11","slug":"diger-urunler","status":"publish","type":"page","link":"https:\/\/liasgruppe.de\/de\/diger-urunler\/","title":{"rendered":"Andere Produkte"},"content":{"rendered":"<div class=\"wpb-content-wrapper\"><div class=\"vc_row wpb_row vc_row-fluid\"><div class=\"wpb_column vc_column_container vc_col-sm-3\"><div class=\"vc_column-inner\"><div class=\"wpb_wrapper\"><div class=\"vcex-module vcex-icon-box vcex-icon-box-two wpex-block wpex-text-center\"><div class=\"vcex-icon-box-symbol wpex-mb-20\"><a href=\"https:\/\/liasgruppe.de\/de\/bar-urunleri\/\" class=\"wpex-no-underline\"><img loading=\"lazy\" class=\"vcex-icon-box-image wpex-align-middle\" style=\"width:84px;\" decoding=\"async\" src=\"https:\/\/liasgruppe.de\/wp-content\/uploads\/2024\/10\/Bar-Products.svg\" alt=\"\" width=\"1\" height=\"1\"><\/a><\/div><div class=\"vcex-icon-box-text\"><h2 class=\"vcex-icon-box-heading wpex-heading wpex-text-md wpex-mb-10\"><a href=\"https:\/\/liasgruppe.de\/de\/bar-urunleri\/\" class=\"vcex-icon-box-link wpex-no-underline\">Andere Produkte<\/a><\/h2><\/div><\/div><\/div><\/div><\/div><div class=\"wpb_column vc_column_container vc_col-sm-3\"><div class=\"vc_column-inner\"><div class=\"wpb_wrapper\"><div class=\"vcex-module vcex-icon-box vcex-icon-box-two wpex-block wpex-text-center\"><div class=\"vcex-icon-box-symbol wpex-mb-20\"><a href=\"https:\/\/liasgruppe.de\/de\/bardaklar\/\" class=\"wpex-no-underline\"><img loading=\"lazy\" class=\"vcex-icon-box-image wpex-align-middle\" style=\"width:84px;\" decoding=\"async\" src=\"https:\/\/liasgruppe.de\/wp-content\/uploads\/2024\/10\/Glasses.svg\" alt=\"\" width=\"1\" height=\"1\"><\/a><\/div><div class=\"vcex-icon-box-text\"><h2 class=\"vcex-icon-box-heading wpex-heading wpex-text-md wpex-mb-10\"><a href=\"https:\/\/liasgruppe.de\/de\/bardaklar\/\" class=\"vcex-icon-box-link wpex-no-underline\">Gl\u00e4ser<\/a><\/h2><\/div><\/div><\/div><\/div><\/div><div class=\"wpb_column vc_column_container vc_col-sm-3\"><div class=\"vc_column-inner\"><div class=\"wpb_wrapper\"><div class=\"vcex-module vcex-icon-box vcex-icon-box-two wpex-block wpex-text-center\"><div class=\"vcex-icon-box-symbol wpex-mb-20\"><a href=\"https:\/\/liasgruppe.de\/de\/cerezlik\/\" class=\"wpex-no-underline\"><img loading=\"lazy\" class=\"vcex-icon-box-image wpex-align-middle\" style=\"width:84px;\" decoding=\"async\" src=\"https:\/\/liasgruppe.de\/wp-content\/uploads\/2024\/10\/Snack-bowls.svg\" alt=\"\" width=\"1\" height=\"1\"><\/a><\/div><div class=\"vcex-icon-box-text\"><h2 class=\"vcex-icon-box-heading wpex-heading wpex-text-md wpex-mb-10\"><a href=\"https:\/\/liasgruppe.de\/de\/cerezlik\/\" class=\"vcex-icon-box-link wpex-no-underline\">Snacksch\u00fcsseln<\/a><\/h2><\/div><\/div><\/div><\/div><\/div><div class=\"wpb_column vc_column_container vc_col-sm-3\"><div class=\"vc_column-inner\"><div class=\"wpb_wrapper\"><div class=\"vcex-module vcex-icon-box vcex-icon-box-two wpex-block wpex-text-center\"><div class=\"vcex-icon-box-symbol wpex-mb-20\"><a href=\"https:\/\/liasgruppe.de\/de\/dekoratif-urunler\/\" class=\"wpex-no-underline\"><img loading=\"lazy\" class=\"vcex-icon-box-image wpex-align-middle\" style=\"width:84px;\" decoding=\"async\" src=\"https:\/\/liasgruppe.de\/wp-content\/uploads\/2024\/10\/Decorative-items.svg\" alt=\"\" width=\"1\" height=\"1\"><\/a><\/div><div class=\"vcex-icon-box-text\"><h2 class=\"vcex-icon-box-heading wpex-heading wpex-text-md wpex-mb-10\"><a href=\"https:\/\/liasgruppe.de\/de\/dekoratif-urunler\/\" class=\"vcex-icon-box-link wpex-no-underline\">Dekorationsartikel<\/a><\/h2><\/div><\/div><\/div><\/div><\/div><\/div><div class=\"vc_row wpb_row vc_row-fluid\"><div class=\"wpb_column vc_column_container vc_col-sm-3\"><div class=\"vc_column-inner\"><div class=\"wpb_wrapper\"><div class=\"vcex-module vcex-icon-box vcex-icon-box-two wpex-block wpex-text-center\"><div class=\"vcex-icon-box-symbol wpex-mb-20\"><a href=\"https:\/\/liasgruppe.de\/de\/demlik\/\" class=\"wpex-no-underline\"><img loading=\"lazy\" class=\"vcex-icon-box-image wpex-align-middle\" style=\"width:84px;\" decoding=\"async\" src=\"https:\/\/liasgruppe.de\/wp-content\/uploads\/2024\/10\/Teapod.svg\" alt=\"\" width=\"1\" height=\"1\"><\/a><\/div><div class=\"vcex-icon-box-text\"><h2 class=\"vcex-icon-box-heading wpex-heading wpex-text-md wpex-mb-10\"><a href=\"https:\/\/liasgruppe.de\/de\/demlik\/\" class=\"vcex-icon-box-link wpex-no-underline\">Teekannen<\/a><\/h2><\/div><\/div><\/div><\/div><\/div><div class=\"wpb_column vc_column_container vc_col-sm-3\"><div class=\"vc_column-inner\"><div class=\"wpb_wrapper\"><div class=\"vcex-module vcex-icon-box vcex-icon-box-two wpex-block wpex-text-center\"><div class=\"vcex-icon-box-symbol wpex-mb-20\"><a href=\"https:\/\/liasgruppe.de\/de\/ekmeklik\/\" class=\"wpex-no-underline\"><img loading=\"lazy\" class=\"vcex-icon-box-image wpex-align-middle\" style=\"width:84px;\" decoding=\"async\" src=\"https:\/\/liasgruppe.de\/wp-content\/uploads\/2024\/10\/Bread-basket.svg\" alt=\"\" width=\"1\" height=\"1\"><\/a><\/div><div class=\"vcex-icon-box-text\"><h2 class=\"vcex-icon-box-heading wpex-heading wpex-text-md wpex-mb-10\"><a href=\"https:\/\/liasgruppe.de\/de\/ekmeklik\/\" class=\"vcex-icon-box-link wpex-no-underline\">Brotkorb<\/a><\/h2><\/div><\/div><\/div><\/div><\/div><div class=\"wpb_column vc_column_container vc_col-sm-3\"><div class=\"vc_column-inner\"><div class=\"wpb_wrapper\"><div class=\"vcex-module vcex-icon-box vcex-icon-box-two wpex-block wpex-text-center\"><div class=\"vcex-icon-box-symbol wpex-mb-20\"><a href=\"https:\/\/liasgruppe.de\/de\/pecetelik\/\" class=\"wpex-no-underline\"><img loading=\"lazy\" class=\"vcex-icon-box-image wpex-align-middle\" style=\"width:84px;\" decoding=\"async\" src=\"https:\/\/liasgruppe.de\/wp-content\/uploads\/2024\/10\/Napkin-holder.svg\" alt=\"\" width=\"1\" height=\"1\"><\/a><\/div><div class=\"vcex-icon-box-text\"><h2 class=\"vcex-icon-box-heading wpex-heading wpex-text-md wpex-mb-10\"><a href=\"https:\/\/liasgruppe.de\/de\/pecetelik\/\" class=\"vcex-icon-box-link wpex-no-underline\">Serviettenhalter<\/a><\/h2><\/div><\/div><\/div><\/div><\/div><div class=\"wpb_column vc_column_container vc_col-sm-3\"><div class=\"vc_column-inner\"><div class=\"wpb_wrapper\"><div class=\"vcex-module vcex-icon-box vcex-icon-box-two wpex-block wpex-text-center\"><div class=\"vcex-icon-box-symbol wpex-mb-20\"><a href=\"https:\/\/liasgruppe.de\/de\/sauna-kovasi\/\" class=\"wpex-no-underline\"><img loading=\"lazy\" class=\"vcex-icon-box-image wpex-align-middle\" style=\"width:84px;\" decoding=\"async\" src=\"https:\/\/liasgruppe.de\/wp-content\/uploads\/2024\/10\/Sauna-bucket.svg\" alt=\"\" width=\"1\" height=\"1\"><\/a><\/div><div class=\"vcex-icon-box-text\"><h2 class=\"vcex-icon-box-heading wpex-heading wpex-text-md wpex-mb-10\"><a href=\"https:\/\/liasgruppe.de\/de\/sauna-kovasi\/\" class=\"vcex-icon-box-link wpex-no-underline\">Saunak\u00fcbel<\/a><\/h2><\/div><\/div><\/div><\/div><\/div><\/div><div class=\"vc_row wpb_row vc_row-fluid\"><div class=\"wpb_column vc_column_container vc_col-sm-3\"><div class=\"vc_column-inner\"><div class=\"wpb_wrapper\"><div class=\"vcex-module vcex-icon-box vcex-icon-box-two wpex-block wpex-text-center\"><div class=\"vcex-icon-box-symbol wpex-mb-20\"><a href=\"https:\/\/liasgruppe.de\/de\/sunumluklar\/\" class=\"wpex-no-underline\"><img loading=\"lazy\" class=\"vcex-icon-box-image wpex-align-middle\" style=\"width:84px;\" decoding=\"async\" src=\"https:\/\/liasgruppe.de\/wp-content\/uploads\/2024\/10\/Serving-dishes.svg\" alt=\"\" width=\"1\" height=\"1\"><\/a><\/div><div class=\"vcex-icon-box-text\"><h2 class=\"vcex-icon-box-heading wpex-heading wpex-text-md wpex-mb-10\"><a href=\"https:\/\/liasgruppe.de\/de\/sunumluklar\/\" class=\"vcex-icon-box-link wpex-no-underline\">Serviergeschirr<\/a><\/h2><\/div><\/div><\/div><\/div><\/div><div class=\"wpb_column vc_column_container vc_col-sm-3\"><div class=\"vc_column-inner\"><div class=\"wpb_wrapper\"><div class=\"vcex-module vcex-icon-box vcex-icon-box-two wpex-block wpex-text-center\"><div class=\"vcex-icon-box-symbol wpex-mb-20\"><a href=\"https:\/\/liasgruppe.de\/de\/tava-tencereler\/\" class=\"wpex-no-underline\"><img loading=\"lazy\" class=\"vcex-icon-box-image wpex-align-middle\" style=\"width:84px;\" decoding=\"async\" src=\"https:\/\/liasgruppe.de\/wp-content\/uploads\/2024\/10\/Pans-pots.svg\" alt=\"\" width=\"1\" height=\"1\"><\/a><\/div><div class=\"vcex-icon-box-text\"><h2 class=\"vcex-icon-box-heading wpex-heading wpex-text-md wpex-mb-10\"><a href=\"https:\/\/liasgruppe.de\/de\/tava-tencereler\/\" class=\"vcex-icon-box-link wpex-no-underline\">Pfannen, T\u00f6pfe<\/a><\/h2><\/div><\/div><\/div><\/div><\/div><div class=\"wpb_column vc_column_container vc_col-sm-3\"><div class=\"vc_column-inner\"><div class=\"wpb_wrapper\"><div class=\"vcex-module vcex-icon-box vcex-icon-box-two wpex-block wpex-text-center\"><div class=\"vcex-icon-box-symbol wpex-mb-20\"><a href=\"https:\/\/liasgruppe.de\/de\/tutsuluk\/\" class=\"wpex-no-underline\"><img loading=\"lazy\" class=\"vcex-icon-box-image wpex-align-middle\" style=\"width:84px;\" decoding=\"async\" src=\"https:\/\/liasgruppe.de\/wp-content\/uploads\/2024\/10\/Incense-burner.svg\" alt=\"\" width=\"1\" height=\"1\"><\/a><\/div><div class=\"vcex-icon-box-text\"><h2 class=\"vcex-icon-box-heading wpex-heading wpex-text-md wpex-mb-10\"><a href=\"https:\/\/liasgruppe.de\/de\/tutsuluk\/\" class=\"vcex-icon-box-link wpex-no-underline\">R\u00e4uchergef\u00e4\u00df<\/a><\/h2><\/div><\/div><\/div><\/div><\/div><div class=\"wpb_column vc_column_container vc_col-sm-3\"><div class=\"vc_column-inner\"><div class=\"wpb_wrapper\"><div class=\"vcex-module vcex-icon-box vcex-icon-box-two wpex-block wpex-text-center\"><div class=\"vcex-icon-box-symbol wpex-mb-20\"><a href=\"https:\/\/liasgruppe.de\/de\/yagdanlik\/\" class=\"wpex-no-underline\"><img loading=\"lazy\" class=\"vcex-icon-box-image wpex-align-middle\" style=\"width:84px;\" decoding=\"async\" src=\"https:\/\/liasgruppe.de\/wp-content\/uploads\/2024\/10\/Oil-cruet.svg\" alt=\"\" width=\"1\" height=\"1\"><\/a><\/div><div class=\"vcex-icon-box-text\"><h2 class=\"vcex-icon-box-heading wpex-heading wpex-text-md wpex-mb-10\"><a href=\"https:\/\/liasgruppe.de\/de\/yagdanlik\/\" class=\"vcex-icon-box-link wpex-no-underline\">\u00d6lfl\u00e4schchen<\/a><\/h2><\/div><\/div><\/div><\/div><\/div><\/div>\n<\/div>","protected":false},"excerpt":{"rendered":"Bar ProductsGlassesSnack bowlsDecorative itemsTeapotBread basketNapkin holderSauna bucketServing dishesPans, potsIncense burnerOil cruet","protected":false},"author":1,"featured_media":0,"parent":0,"menu_order":0,"comment_status":"closed","ping_status":"closed","template":"templates\/no-sidebar.php","meta":{"inline_featured_image":false,"footnotes":""},"class_list":["post-5684","page","type-page","status-publish","hentry","entry","no-media"],"_links":{"self":[{"href":"https:\/\/liasgruppe.de\/de\/wp-json\/wp\/v2\/pages\/5684","targetHints":{"allow":["GET"]}}],"collection":[{"href":"https:\/\/liasgruppe.de\/de\/wp-json\/wp\/v2\/pages"}],"about":[{"href":"https:\/\/liasgruppe.de\/de\/wp-json\/wp\/v2\/types\/page"}],"author":[{"embeddable":true,"href":"https:\/\/liasgruppe.de\/de\/wp-json\/wp\/v2\/users\/1"}],"replies":[{"embeddable":true,"href":"https:\/\/liasgruppe.de\/de\/wp-json\/wp\/v2\/comments?post=5684"}],"version-history":[{"count":7,"href":"https:\/\/liasgruppe.de\/de\/wp-json\/wp\/v2\/pages\/5684\/revisions"}],"predecessor-version":[{"id":6129,"href":"https:\/\/liasgruppe.de\/de\/wp-json\/wp\/v2\/pages\/5684\/revisions\/6129"}],"wp:attachment":[{"href":"https:\/\/liasgruppe.de\/de\/wp-json\/wp\/v2\/media?parent=5684"}],"curies":[{"name":"wp","href":"https:\/\/api.w.org\/{rel}","templated":true}]}}