{"id":5706,"date":"2024-07-23T11:05:31","date_gmt":"2024-07-23T08:05:31","guid":{"rendered":"https:\/\/liasgruppe.de\/?page_id=5706"},"modified":"2024-09-09T12:30:15","modified_gmt":"2024-09-09T09:30:15","slug":"ciragan-kultur-tasi-koleksiyon","status":"publish","type":"page","link":"https:\/\/liasgruppe.de\/de\/ciragan-kultur-tasi-koleksiyon\/","title":{"rendered":"Sammlung von Edelsteinkulturen \u00c7\u0131ra\u011fan"},"content":{"rendered":"<div class=\"wpb-content-wrapper\"><div class=\"vc_row wpb_row vc_row-fluid\"><div class=\"wpb_column vc_column_container vc_col-sm-6\"><div class=\"vc_column-inner\"><div class=\"wpb_wrapper\"><div class=\"vc_row wpb_row vc_inner vc_row-fluid\"><div class=\"wpb_column vc_column_container vc_col-sm-6\"><div class=\"vc_column-inner\"><div class=\"wpb_wrapper\">\n\t<div  class=\"wpb_single_image wpb_content_element vc_align_ wpb_content_element\">\n\t\t\n\t\t<figure class=\"wpb_wrapper vc_figure\">\n\t\t\t<a class=\"\" data-lightbox=\"lightbox[rel-5706-2676355163]\" href=\"https:\/\/liasgruppe.de\/wp-content\/uploads\/2024\/07\/16970553661-1024x765.webp\" target=\"_self\"><img width=\"1500\" height=\"1120\" src=\"https:\/\/liasgruppe.de\/wp-content\/uploads\/2024\/07\/16970553661.webp\" class=\"vc_single_image-img attachment-full\" alt=\"\" title=\"16970553661\" srcset=\"https:\/\/liasgruppe.de\/wp-content\/uploads\/2024\/07\/16970553661.webp 1500w, https:\/\/liasgruppe.de\/wp-content\/uploads\/2024\/07\/16970553661-300x224.webp 300w, https:\/\/liasgruppe.de\/wp-content\/uploads\/2024\/07\/16970553661-1024x765.webp 1024w, https:\/\/liasgruppe.de\/wp-content\/uploads\/2024\/07\/16970553661-768x573.webp 768w, https:\/\/liasgruppe.de\/wp-content\/uploads\/2024\/07\/16970553661-600x448.webp 600w\" sizes=\"(max-width: 1500px) 100vw, 1500px\" \/><span class=\"wpb_single_image_caption\">BALCICEK<\/span><\/a>\n\t\t<\/figure>\n\t<\/div>\n<div class=\"vc_empty_space\"   style=\"height: 30px\"><span class=\"vc_empty_space_inner\"><\/span><\/div>\n\t<div  class=\"wpb_single_image wpb_content_element vc_align_ wpb_content_element\">\n\t\t\n\t\t<figure class=\"wpb_wrapper vc_figure\">\n\t\t\t<a class=\"\" data-lightbox=\"lightbox[rel-5706-906659538]\" href=\"https:\/\/liasgruppe.de\/wp-content\/uploads\/2024\/07\/16970553663-1024x765.webp\" target=\"_self\"><img width=\"1500\" height=\"1120\" src=\"https:\/\/liasgruppe.de\/wp-content\/uploads\/2024\/07\/16970553663.webp\" class=\"vc_single_image-img attachment-full\" alt=\"\" title=\"16970553663\" srcset=\"https:\/\/liasgruppe.de\/wp-content\/uploads\/2024\/07\/16970553663.webp 1500w, https:\/\/liasgruppe.de\/wp-content\/uploads\/2024\/07\/16970553663-300x224.webp 300w, https:\/\/liasgruppe.de\/wp-content\/uploads\/2024\/07\/16970553663-1024x765.webp 1024w, https:\/\/liasgruppe.de\/wp-content\/uploads\/2024\/07\/16970553663-768x573.webp 768w, https:\/\/liasgruppe.de\/wp-content\/uploads\/2024\/07\/16970553663-600x448.webp 600w\" sizes=\"(max-width: 1500px) 100vw, 1500px\" \/><span class=\"wpb_single_image_caption\">BASALT<\/span><\/a>\n\t\t<\/figure>\n\t<\/div>\n<div class=\"vc_empty_space\"   style=\"height: 30px\"><span class=\"vc_empty_space_inner\"><\/span><\/div>\n\t<div  class=\"wpb_single_image wpb_content_element vc_align_ wpb_content_element\">\n\t\t\n\t\t<figure class=\"wpb_wrapper vc_figure\">\n\t\t\t<a class=\"\" data-lightbox=\"lightbox[rel-5706-3899399129]\" href=\"https:\/\/liasgruppe.de\/wp-content\/uploads\/2024\/07\/16970553665-1024x765.webp\" target=\"_self\"><img width=\"1500\" height=\"1120\" src=\"https:\/\/liasgruppe.de\/wp-content\/uploads\/2024\/07\/16970553665.webp\" class=\"vc_single_image-img attachment-full\" alt=\"\" title=\"16970553665\" srcset=\"https:\/\/liasgruppe.de\/wp-content\/uploads\/2024\/07\/16970553665.webp 1500w, https:\/\/liasgruppe.de\/wp-content\/uploads\/2024\/07\/16970553665-300x224.webp 300w, https:\/\/liasgruppe.de\/wp-content\/uploads\/2024\/07\/16970553665-1024x765.webp 1024w, https:\/\/liasgruppe.de\/wp-content\/uploads\/2024\/07\/16970553665-768x573.webp 768w, https:\/\/liasgruppe.de\/wp-content\/uploads\/2024\/07\/16970553665-600x448.webp 600w\" sizes=\"(max-width: 1500px) 100vw, 1500px\" \/><span class=\"wpb_single_image_caption\">ECRU<\/span><\/a>\n\t\t<\/figure>\n\t<\/div>\n<div class=\"vc_empty_space\"   style=\"height: 30px\"><span class=\"vc_empty_space_inner\"><\/span><\/div>\n\t<div  class=\"wpb_single_image wpb_content_element vc_align_ wpb_content_element\">\n\t\t\n\t\t<figure class=\"wpb_wrapper vc_figure\">\n\t\t\t<a class=\"\" data-lightbox=\"lightbox[rel-5706-599841866]\" href=\"https:\/\/liasgruppe.de\/wp-content\/uploads\/2024\/07\/16970553667-1024x765.webp\" target=\"_self\"><img width=\"1500\" height=\"1120\" src=\"https:\/\/liasgruppe.de\/wp-content\/uploads\/2024\/07\/16970553667.webp\" class=\"vc_single_image-img attachment-full\" alt=\"\" title=\"16970553667\" srcset=\"https:\/\/liasgruppe.de\/wp-content\/uploads\/2024\/07\/16970553667.webp 1500w, https:\/\/liasgruppe.de\/wp-content\/uploads\/2024\/07\/16970553667-300x224.webp 300w, https:\/\/liasgruppe.de\/wp-content\/uploads\/2024\/07\/16970553667-1024x765.webp 1024w, https:\/\/liasgruppe.de\/wp-content\/uploads\/2024\/07\/16970553667-768x573.webp 768w, https:\/\/liasgruppe.de\/wp-content\/uploads\/2024\/07\/16970553667-600x448.webp 600w\" sizes=\"(max-width: 1500px) 100vw, 1500px\" \/><span class=\"wpb_single_image_caption\">SOIL<\/span><\/a>\n\t\t<\/figure>\n\t<\/div>\n<\/div><\/div><\/div><div class=\"wpb_column vc_column_container vc_col-sm-6\"><div class=\"vc_column-inner\"><div class=\"wpb_wrapper\">\n\t<div  class=\"wpb_single_image wpb_content_element vc_align_ wpb_content_element\">\n\t\t\n\t\t<figure class=\"wpb_wrapper vc_figure\">\n\t\t\t<a class=\"\" data-lightbox=\"lightbox[rel-5706-1890499686]\" href=\"https:\/\/liasgruppe.de\/wp-content\/uploads\/2024\/07\/16970553662-1024x765.webp\" target=\"_self\"><img width=\"1500\" height=\"1120\" src=\"https:\/\/liasgruppe.de\/wp-content\/uploads\/2024\/07\/16970553662.webp\" class=\"vc_single_image-img attachment-full\" alt=\"\" title=\"16970553662\" srcset=\"https:\/\/liasgruppe.de\/wp-content\/uploads\/2024\/07\/16970553662.webp 1500w, https:\/\/liasgruppe.de\/wp-content\/uploads\/2024\/07\/16970553662-300x224.webp 300w, https:\/\/liasgruppe.de\/wp-content\/uploads\/2024\/07\/16970553662-1024x765.webp 1024w, https:\/\/liasgruppe.de\/wp-content\/uploads\/2024\/07\/16970553662-768x573.webp 768w, https:\/\/liasgruppe.de\/wp-content\/uploads\/2024\/07\/16970553662-600x448.webp 600w\" sizes=\"(max-width: 1500px) 100vw, 1500px\" \/><span class=\"wpb_single_image_caption\">BASALT SOFT<\/span><\/a>\n\t\t<\/figure>\n\t<\/div>\n<div class=\"vc_empty_space\"   style=\"height: 30px\"><span class=\"vc_empty_space_inner\"><\/span><\/div>\n\t<div  class=\"wpb_single_image wpb_content_element vc_align_ wpb_content_element\">\n\t\t\n\t\t<figure class=\"wpb_wrapper vc_figure\">\n\t\t\t<a class=\"\" data-lightbox=\"lightbox[rel-5706-2643887046]\" href=\"https:\/\/liasgruppe.de\/wp-content\/uploads\/2024\/07\/16970553664-1024x765.webp\" target=\"_self\"><img width=\"1500\" height=\"1120\" src=\"https:\/\/liasgruppe.de\/wp-content\/uploads\/2024\/07\/16970553664.webp\" class=\"vc_single_image-img attachment-full\" alt=\"\" title=\"16970553664\" srcset=\"https:\/\/liasgruppe.de\/wp-content\/uploads\/2024\/07\/16970553664.webp 1500w, https:\/\/liasgruppe.de\/wp-content\/uploads\/2024\/07\/16970553664-300x224.webp 300w, https:\/\/liasgruppe.de\/wp-content\/uploads\/2024\/07\/16970553664-1024x765.webp 1024w, https:\/\/liasgruppe.de\/wp-content\/uploads\/2024\/07\/16970553664-768x573.webp 768w, https:\/\/liasgruppe.de\/wp-content\/uploads\/2024\/07\/16970553664-600x448.webp 600w\" sizes=\"(max-width: 1500px) 100vw, 1500px\" \/><span class=\"wpb_single_image_caption\">DESERT<\/span><\/a>\n\t\t<\/figure>\n\t<\/div>\n<div class=\"vc_empty_space\"   style=\"height: 30px\"><span class=\"vc_empty_space_inner\"><\/span><\/div>\n\t<div  class=\"wpb_single_image wpb_content_element vc_align_ wpb_content_element\">\n\t\t\n\t\t<figure class=\"wpb_wrapper vc_figure\">\n\t\t\t<a class=\"\" data-lightbox=\"lightbox[rel-5706-885053295]\" href=\"https:\/\/liasgruppe.de\/wp-content\/uploads\/2024\/07\/16970553666-1-1024x765.webp\" target=\"_self\"><img width=\"1500\" height=\"1120\" src=\"https:\/\/liasgruppe.de\/wp-content\/uploads\/2024\/07\/16970553666-1.webp\" class=\"vc_single_image-img attachment-full\" alt=\"\" title=\"16970553666 (1)\" srcset=\"https:\/\/liasgruppe.de\/wp-content\/uploads\/2024\/07\/16970553666-1.webp 1500w, https:\/\/liasgruppe.de\/wp-content\/uploads\/2024\/07\/16970553666-1-300x224.webp 300w, https:\/\/liasgruppe.de\/wp-content\/uploads\/2024\/07\/16970553666-1-1024x765.webp 1024w, https:\/\/liasgruppe.de\/wp-content\/uploads\/2024\/07\/16970553666-1-768x573.webp 768w, https:\/\/liasgruppe.de\/wp-content\/uploads\/2024\/07\/16970553666-1-600x448.webp 600w\" sizes=\"(max-width: 1500px) 100vw, 1500px\" \/><span class=\"wpb_single_image_caption\">G\u00dcM\u00dcS\u0130 SOFT<\/span><\/a>\n\t\t<\/figure>\n\t<\/div>\n<\/div><\/div><\/div><\/div><\/div><\/div><\/div><div class=\"wpb_column vc_column_container vc_col-sm-6\"><div class=\"vc_column-inner\"><div class=\"wpb_wrapper\"><h1 class=\"vcex-heading vcex-heading-plain vcex-module wpex-heading wpex-text-2xl\"><span class=\"vcex-heading-inner wpex-inline-block\">Name der Anmut: Sammlung von Edelsteinkulturen \u00c7\u0131ra\u011fan<\/span><\/h1>\n\t<div class=\"wpb_text_column wpb_content_element\" >\n\t\t<div class=\"wpb_wrapper\">\n\t\t\t<p>Die Sammlung von Edelsteinkulturen \u00c7\u0131ra\u011fan f\u00e4ngt die Sch\u00f6nheit und Eleganz von Naturstein ein und verleiht Innen- und Au\u00dfenbereichen eine stilvolle Note. Diese Kollektion ist bereit, jeden Wohnbereich mit ihren sch\u00f6nen und stilvollen Designs mit Natursteinw\u00e4nden und Au\u00dfenverkleidungen aus Stein zu ver\u00e4ndern. Wir sind bereit, Ihre modernen und klassischen Bereiche mit unseren Au\u00dfenverkleidungen aus Ziegeln und alternativen Au\u00dfenverkleidungen aus Naturstein aufzuwerten.<\/p>\n\n\t\t<\/div>\n\t<\/div>\n<\/div><\/div><\/div><\/div><div class=\"vc_row wpb_row vc_row-fluid\"><div class=\"wpb_column vc_column_container vc_col-sm-12\"><div class=\"vc_column-inner\"><div class=\"wpb_wrapper\"><h2 class=\"vcex-heading vcex-heading-plain vcex-module wpex-heading wpex-text-2xl\"><span class=\"vcex-heading-inner wpex-inline-block\">Verwendete Projekte<\/span><\/h2><div class=\"vc_empty_space\"   style=\"height: 30px\"><span class=\"vc_empty_space_inner\"><\/span><\/div><div class=\"vcex-image-grid-wrap wpex-clr\"><div class=\"vcex-module vcex-image-grid grid-style-default wpex-row wpex-clr wpex-lightbox-group\"><div class=\"id-5727 vcex-image-grid-entry vcex-grid-item textcenter span_1_of_4 col col-1\"><figure class=\"vcex-image-grid-entry-figure wpex-last-mb-0 wpex-clr\"><div class=\"vcex-image-grid-entry-img entry-media wpex-mb-20\"><a href=\"https:\/\/liasgruppe.de\/wp-content\/uploads\/2024\/07\/16975738736-1500x844.webp\" class=\"vcex-image-grid-entry-link wpex-lightbox-group-item\" ><img width=\"1920\" height=\"1080\" src=\"https:\/\/liasgruppe.de\/wp-content\/uploads\/2024\/07\/16975738736.webp\" class=\"wpex-align-middle\" alt=\"\" loading=\"lazy\" decoding=\"async\" srcset=\"https:\/\/liasgruppe.de\/wp-content\/uploads\/2024\/07\/16975738736.webp 1920w, https:\/\/liasgruppe.de\/wp-content\/uploads\/2024\/07\/16975738736-300x169.webp 300w, https:\/\/liasgruppe.de\/wp-content\/uploads\/2024\/07\/16975738736-1024x576.webp 1024w, https:\/\/liasgruppe.de\/wp-content\/uploads\/2024\/07\/16975738736-768x432.webp 768w, https:\/\/liasgruppe.de\/wp-content\/uploads\/2024\/07\/16975738736-1536x864.webp 1536w, https:\/\/liasgruppe.de\/wp-content\/uploads\/2024\/07\/16975738736-600x338.webp 600w, https:\/\/liasgruppe.de\/wp-content\/uploads\/2024\/07\/16975738736-1500x844.webp 1500w\" sizes=\"auto, (max-width: 1920px) 100vw, 1920px\" \/><\/a><\/div><\/figure><\/div><div class=\"id-5728 vcex-image-grid-entry vcex-grid-item textcenter span_1_of_4 col col-2\"><figure class=\"vcex-image-grid-entry-figure wpex-last-mb-0 wpex-clr\"><div class=\"vcex-image-grid-entry-img entry-media wpex-mb-20\"><a href=\"https:\/\/liasgruppe.de\/wp-content\/uploads\/2024\/07\/16975738735-1500x844.webp\" class=\"vcex-image-grid-entry-link wpex-lightbox-group-item\" ><img width=\"1920\" height=\"1080\" src=\"https:\/\/liasgruppe.de\/wp-content\/uploads\/2024\/07\/16975738735.webp\" class=\"wpex-align-middle\" alt=\"\" loading=\"lazy\" decoding=\"async\" srcset=\"https:\/\/liasgruppe.de\/wp-content\/uploads\/2024\/07\/16975738735.webp 1920w, https:\/\/liasgruppe.de\/wp-content\/uploads\/2024\/07\/16975738735-300x169.webp 300w, https:\/\/liasgruppe.de\/wp-content\/uploads\/2024\/07\/16975738735-1024x576.webp 1024w, https:\/\/liasgruppe.de\/wp-content\/uploads\/2024\/07\/16975738735-768x432.webp 768w, https:\/\/liasgruppe.de\/wp-content\/uploads\/2024\/07\/16975738735-1536x864.webp 1536w, https:\/\/liasgruppe.de\/wp-content\/uploads\/2024\/07\/16975738735-600x338.webp 600w, https:\/\/liasgruppe.de\/wp-content\/uploads\/2024\/07\/16975738735-1500x844.webp 1500w\" sizes=\"auto, (max-width: 1920px) 100vw, 1920px\" \/><\/a><\/div><\/figure><\/div><div class=\"id-5729 vcex-image-grid-entry vcex-grid-item textcenter span_1_of_4 col col-3\"><figure class=\"vcex-image-grid-entry-figure wpex-last-mb-0 wpex-clr\"><div class=\"vcex-image-grid-entry-img entry-media wpex-mb-20\"><a href=\"https:\/\/liasgruppe.de\/wp-content\/uploads\/2024\/07\/16975738734-1500x844.webp\" class=\"vcex-image-grid-entry-link wpex-lightbox-group-item\" ><img width=\"1920\" height=\"1080\" src=\"https:\/\/liasgruppe.de\/wp-content\/uploads\/2024\/07\/16975738734.webp\" class=\"wpex-align-middle\" alt=\"\" loading=\"lazy\" decoding=\"async\" srcset=\"https:\/\/liasgruppe.de\/wp-content\/uploads\/2024\/07\/16975738734.webp 1920w, https:\/\/liasgruppe.de\/wp-content\/uploads\/2024\/07\/16975738734-300x169.webp 300w, https:\/\/liasgruppe.de\/wp-content\/uploads\/2024\/07\/16975738734-1024x576.webp 1024w, https:\/\/liasgruppe.de\/wp-content\/uploads\/2024\/07\/16975738734-768x432.webp 768w, https:\/\/liasgruppe.de\/wp-content\/uploads\/2024\/07\/16975738734-1536x864.webp 1536w, https:\/\/liasgruppe.de\/wp-content\/uploads\/2024\/07\/16975738734-600x338.webp 600w, https:\/\/liasgruppe.de\/wp-content\/uploads\/2024\/07\/16975738734-1500x844.webp 1500w\" sizes=\"auto, (max-width: 1920px) 100vw, 1920px\" \/><\/a><\/div><\/figure><\/div><div class=\"id-5730 vcex-image-grid-entry vcex-grid-item textcenter span_1_of_4 col col-4\"><figure class=\"vcex-image-grid-entry-figure wpex-last-mb-0 wpex-clr\"><div class=\"vcex-image-grid-entry-img entry-media wpex-mb-20\"><a href=\"https:\/\/liasgruppe.de\/wp-content\/uploads\/2024\/07\/16975738733-1500x844.webp\" class=\"vcex-image-grid-entry-link wpex-lightbox-group-item\" ><img width=\"1920\" height=\"1080\" src=\"https:\/\/liasgruppe.de\/wp-content\/uploads\/2024\/07\/16975738733.webp\" class=\"wpex-align-middle\" alt=\"\" loading=\"lazy\" decoding=\"async\" srcset=\"https:\/\/liasgruppe.de\/wp-content\/uploads\/2024\/07\/16975738733.webp 1920w, https:\/\/liasgruppe.de\/wp-content\/uploads\/2024\/07\/16975738733-300x169.webp 300w, https:\/\/liasgruppe.de\/wp-content\/uploads\/2024\/07\/16975738733-1024x576.webp 1024w, https:\/\/liasgruppe.de\/wp-content\/uploads\/2024\/07\/16975738733-768x432.webp 768w, https:\/\/liasgruppe.de\/wp-content\/uploads\/2024\/07\/16975738733-1536x864.webp 1536w, https:\/\/liasgruppe.de\/wp-content\/uploads\/2024\/07\/16975738733-600x338.webp 600w, https:\/\/liasgruppe.de\/wp-content\/uploads\/2024\/07\/16975738733-1500x844.webp 1500w\" sizes=\"auto, (max-width: 1920px) 100vw, 1920px\" \/><\/a><\/div><\/figure><\/div><div class=\"id-5731 vcex-image-grid-entry vcex-grid-item textcenter span_1_of_4 col col-1\"><figure class=\"vcex-image-grid-entry-figure wpex-last-mb-0 wpex-clr\"><div class=\"vcex-image-grid-entry-img entry-media wpex-mb-20\"><a href=\"https:\/\/liasgruppe.de\/wp-content\/uploads\/2024\/07\/16975738732-1500x844.webp\" class=\"vcex-image-grid-entry-link wpex-lightbox-group-item\" ><img width=\"1920\" height=\"1080\" src=\"https:\/\/liasgruppe.de\/wp-content\/uploads\/2024\/07\/16975738732.webp\" class=\"wpex-align-middle\" alt=\"\" loading=\"lazy\" decoding=\"async\" srcset=\"https:\/\/liasgruppe.de\/wp-content\/uploads\/2024\/07\/16975738732.webp 1920w, https:\/\/liasgruppe.de\/wp-content\/uploads\/2024\/07\/16975738732-300x169.webp 300w, https:\/\/liasgruppe.de\/wp-content\/uploads\/2024\/07\/16975738732-1024x576.webp 1024w, https:\/\/liasgruppe.de\/wp-content\/uploads\/2024\/07\/16975738732-768x432.webp 768w, https:\/\/liasgruppe.de\/wp-content\/uploads\/2024\/07\/16975738732-1536x864.webp 1536w, https:\/\/liasgruppe.de\/wp-content\/uploads\/2024\/07\/16975738732-600x338.webp 600w, https:\/\/liasgruppe.de\/wp-content\/uploads\/2024\/07\/16975738732-1500x844.webp 1500w\" sizes=\"auto, (max-width: 1920px) 100vw, 1920px\" \/><\/a><\/div><\/figure><\/div><div class=\"id-5732 vcex-image-grid-entry vcex-grid-item textcenter span_1_of_4 col col-2\"><figure class=\"vcex-image-grid-entry-figure wpex-last-mb-0 wpex-clr\"><div class=\"vcex-image-grid-entry-img entry-media wpex-mb-20\"><a href=\"https:\/\/liasgruppe.de\/wp-content\/uploads\/2024\/07\/16975738731-1500x844.webp\" class=\"vcex-image-grid-entry-link wpex-lightbox-group-item\" ><img width=\"1920\" height=\"1080\" src=\"https:\/\/liasgruppe.de\/wp-content\/uploads\/2024\/07\/16975738731.webp\" class=\"wpex-align-middle\" alt=\"\" loading=\"lazy\" decoding=\"async\" srcset=\"https:\/\/liasgruppe.de\/wp-content\/uploads\/2024\/07\/16975738731.webp 1920w, https:\/\/liasgruppe.de\/wp-content\/uploads\/2024\/07\/16975738731-300x169.webp 300w, https:\/\/liasgruppe.de\/wp-content\/uploads\/2024\/07\/16975738731-1024x576.webp 1024w, https:\/\/liasgruppe.de\/wp-content\/uploads\/2024\/07\/16975738731-768x432.webp 768w, https:\/\/liasgruppe.de\/wp-content\/uploads\/2024\/07\/16975738731-1536x864.webp 1536w, https:\/\/liasgruppe.de\/wp-content\/uploads\/2024\/07\/16975738731-600x338.webp 600w, https:\/\/liasgruppe.de\/wp-content\/uploads\/2024\/07\/16975738731-1500x844.webp 1500w\" sizes=\"auto, (max-width: 1920px) 100vw, 1920px\" \/><\/a><\/div><\/figure><\/div><\/div><\/div><\/div><\/div><\/div><\/div>\n<\/div>","protected":false},"excerpt":{"rendered":"","protected":false},"author":1,"featured_media":0,"parent":0,"menu_order":0,"comment_status":"closed","ping_status":"closed","template":"templates\/no-sidebar.php","meta":{"inline_featured_image":false,"footnotes":""},"class_list":["post-5706","page","type-page","status-publish","hentry","entry","no-media"],"_links":{"self":[{"href":"https:\/\/liasgruppe.de\/de\/wp-json\/wp\/v2\/pages\/5706","targetHints":{"allow":["GET"]}}],"collection":[{"href":"https:\/\/liasgruppe.de\/de\/wp-json\/wp\/v2\/pages"}],"about":[{"href":"https:\/\/liasgruppe.de\/de\/wp-json\/wp\/v2\/types\/page"}],"author":[{"embeddable":true,"href":"https:\/\/liasgruppe.de\/de\/wp-json\/wp\/v2\/users\/1"}],"replies":[{"embeddable":true,"href":"https:\/\/liasgruppe.de\/de\/wp-json\/wp\/v2\/comments?post=5706"}],"version-history":[{"count":18,"href":"https:\/\/liasgruppe.de\/de\/wp-json\/wp\/v2\/pages\/5706\/revisions"}],"predecessor-version":[{"id":6011,"href":"https:\/\/liasgruppe.de\/de\/wp-json\/wp\/v2\/pages\/5706\/revisions\/6011"}],"wp:attachment":[{"href":"https:\/\/liasgruppe.de\/de\/wp-json\/wp\/v2\/media?parent=5706"}],"curies":[{"name":"wp","href":"https:\/\/api.w.org\/{rel}","templated":true}]}}