{"id":5790,"date":"2024-07-23T11:45:20","date_gmt":"2024-07-23T08:45:20","guid":{"rendered":"https:\/\/liasgruppe.de\/?page_id=5790"},"modified":"2024-09-09T12:44:05","modified_gmt":"2024-09-09T09:44:05","slug":"topkapi-kultur-tasi-koleksiyonu","status":"publish","type":"page","link":"https:\/\/liasgruppe.de\/de\/topkapi-kultur-tasi-koleksiyonu\/","title":{"rendered":"Sammlung von Edelsteinkulturen Topkap\u0131"},"content":{"rendered":"<div class=\"wpb-content-wrapper\"><div class=\"vc_row wpb_row vc_row-fluid\"><div class=\"wpb_column vc_column_container vc_col-sm-6\"><div class=\"vc_column-inner\"><div class=\"wpb_wrapper\"><div class=\"vc_row wpb_row vc_inner vc_row-fluid\"><div class=\"wpb_column vc_column_container vc_col-sm-6\"><div class=\"vc_column-inner\"><div class=\"wpb_wrapper\">\n\t<div  class=\"wpb_single_image wpb_content_element vc_align_ wpb_content_element\">\n\t\t\n\t\t<figure class=\"wpb_wrapper vc_figure\">\n\t\t\t<a class=\"\" data-lightbox=\"lightbox[rel-5790-972668876]\" href=\"https:\/\/liasgruppe.de\/wp-content\/uploads\/2024\/07\/16970554891-1024x765.webp\" target=\"_self\"><img width=\"1500\" height=\"1120\" src=\"https:\/\/liasgruppe.de\/wp-content\/uploads\/2024\/07\/16970554891.webp\" class=\"vc_single_image-img attachment-full\" alt=\"\" title=\"16970554891\" srcset=\"https:\/\/liasgruppe.de\/wp-content\/uploads\/2024\/07\/16970554891.webp 1500w, https:\/\/liasgruppe.de\/wp-content\/uploads\/2024\/07\/16970554891-300x224.webp 300w, https:\/\/liasgruppe.de\/wp-content\/uploads\/2024\/07\/16970554891-1024x765.webp 1024w, https:\/\/liasgruppe.de\/wp-content\/uploads\/2024\/07\/16970554891-768x573.webp 768w, https:\/\/liasgruppe.de\/wp-content\/uploads\/2024\/07\/16970554891-600x448.webp 600w\" sizes=\"(max-width: 1500px) 100vw, 1500px\" \/><span class=\"wpb_single_image_caption\">BALCICEK<\/span><\/a>\n\t\t<\/figure>\n\t<\/div>\n<div class=\"vc_empty_space\"   style=\"height: 30px\"><span class=\"vc_empty_space_inner\"><\/span><\/div>\n\t<div  class=\"wpb_single_image wpb_content_element vc_align_ wpb_content_element\">\n\t\t\n\t\t<figure class=\"wpb_wrapper vc_figure\">\n\t\t\t<a class=\"\" data-lightbox=\"lightbox[rel-5790-2342975404]\" href=\"https:\/\/liasgruppe.de\/wp-content\/uploads\/2024\/07\/16970554893-1024x765.webp\" target=\"_self\"><img width=\"1500\" height=\"1120\" src=\"https:\/\/liasgruppe.de\/wp-content\/uploads\/2024\/07\/16970554893.webp\" class=\"vc_single_image-img attachment-full\" alt=\"\" title=\"16970554893\" srcset=\"https:\/\/liasgruppe.de\/wp-content\/uploads\/2024\/07\/16970554893.webp 1500w, https:\/\/liasgruppe.de\/wp-content\/uploads\/2024\/07\/16970554893-300x224.webp 300w, https:\/\/liasgruppe.de\/wp-content\/uploads\/2024\/07\/16970554893-1024x765.webp 1024w, https:\/\/liasgruppe.de\/wp-content\/uploads\/2024\/07\/16970554893-768x573.webp 768w, https:\/\/liasgruppe.de\/wp-content\/uploads\/2024\/07\/16970554893-600x448.webp 600w\" sizes=\"(max-width: 1500px) 100vw, 1500px\" \/><span class=\"wpb_single_image_caption\">WHITE<\/span><\/a>\n\t\t<\/figure>\n\t<\/div>\n<div class=\"vc_empty_space\"   style=\"height: 30px\"><span class=\"vc_empty_space_inner\"><\/span><\/div>\n\t<div  class=\"wpb_single_image wpb_content_element vc_align_ wpb_content_element\">\n\t\t\n\t\t<figure class=\"wpb_wrapper vc_figure\">\n\t\t\t<a class=\"\" data-lightbox=\"lightbox[rel-5790-2381651367]\" href=\"https:\/\/liasgruppe.de\/wp-content\/uploads\/2024\/07\/16970554895-1024x765.webp\" target=\"_self\"><img width=\"1500\" height=\"1120\" src=\"https:\/\/liasgruppe.de\/wp-content\/uploads\/2024\/07\/16970554895.webp\" class=\"vc_single_image-img attachment-full\" alt=\"\" title=\"16970554895\" srcset=\"https:\/\/liasgruppe.de\/wp-content\/uploads\/2024\/07\/16970554895.webp 1500w, https:\/\/liasgruppe.de\/wp-content\/uploads\/2024\/07\/16970554895-300x224.webp 300w, https:\/\/liasgruppe.de\/wp-content\/uploads\/2024\/07\/16970554895-1024x765.webp 1024w, https:\/\/liasgruppe.de\/wp-content\/uploads\/2024\/07\/16970554895-768x573.webp 768w, https:\/\/liasgruppe.de\/wp-content\/uploads\/2024\/07\/16970554895-600x448.webp 600w\" sizes=\"(max-width: 1500px) 100vw, 1500px\" \/><span class=\"wpb_single_image_caption\">GOLD<\/span><\/a>\n\t\t<\/figure>\n\t<\/div>\n<div class=\"vc_empty_space\"   style=\"height: 30px\"><span class=\"vc_empty_space_inner\"><\/span><\/div>\n\t<div  class=\"wpb_single_image wpb_content_element vc_align_ wpb_content_element\">\n\t\t\n\t\t<figure class=\"wpb_wrapper vc_figure\">\n\t\t\t<a class=\"\" data-lightbox=\"lightbox[rel-5790-2003001639]\" href=\"https:\/\/liasgruppe.de\/wp-content\/uploads\/2024\/07\/16970554897-1-1024x765.webp\" target=\"_self\"><img width=\"1500\" height=\"1120\" src=\"https:\/\/liasgruppe.de\/wp-content\/uploads\/2024\/07\/16970554897-1.webp\" class=\"vc_single_image-img attachment-full\" alt=\"\" title=\"16970554897 (1)\" srcset=\"https:\/\/liasgruppe.de\/wp-content\/uploads\/2024\/07\/16970554897-1.webp 1500w, https:\/\/liasgruppe.de\/wp-content\/uploads\/2024\/07\/16970554897-1-300x224.webp 300w, https:\/\/liasgruppe.de\/wp-content\/uploads\/2024\/07\/16970554897-1-1024x765.webp 1024w, https:\/\/liasgruppe.de\/wp-content\/uploads\/2024\/07\/16970554897-1-768x573.webp 768w, https:\/\/liasgruppe.de\/wp-content\/uploads\/2024\/07\/16970554897-1-600x448.webp 600w\" sizes=\"(max-width: 1500px) 100vw, 1500px\" \/><span class=\"wpb_single_image_caption\">TOPKAPI ECRU<\/span><\/a>\n\t\t<\/figure>\n\t<\/div>\n<\/div><\/div><\/div><div class=\"wpb_column vc_column_container vc_col-sm-6\"><div class=\"vc_column-inner\"><div class=\"wpb_wrapper\">\n\t<div  class=\"wpb_single_image wpb_content_element vc_align_ wpb_content_element\">\n\t\t\n\t\t<figure class=\"wpb_wrapper vc_figure\">\n\t\t\t<a class=\"\" data-lightbox=\"lightbox[rel-5790-1094510727]\" href=\"https:\/\/liasgruppe.de\/wp-content\/uploads\/2024\/07\/16970554892-1024x765.webp\" target=\"_self\"><img width=\"1500\" height=\"1120\" src=\"https:\/\/liasgruppe.de\/wp-content\/uploads\/2024\/07\/16970554892.webp\" class=\"vc_single_image-img attachment-full\" alt=\"\" title=\"16970554892\" srcset=\"https:\/\/liasgruppe.de\/wp-content\/uploads\/2024\/07\/16970554892.webp 1500w, https:\/\/liasgruppe.de\/wp-content\/uploads\/2024\/07\/16970554892-300x224.webp 300w, https:\/\/liasgruppe.de\/wp-content\/uploads\/2024\/07\/16970554892-1024x765.webp 1024w, https:\/\/liasgruppe.de\/wp-content\/uploads\/2024\/07\/16970554892-768x573.webp 768w, https:\/\/liasgruppe.de\/wp-content\/uploads\/2024\/07\/16970554892-600x448.webp 600w\" sizes=\"(max-width: 1500px) 100vw, 1500px\" \/><span class=\"wpb_single_image_caption\">BASALT<\/span><\/a>\n\t\t<\/figure>\n\t<\/div>\n<div class=\"vc_empty_space\"   style=\"height: 30px\"><span class=\"vc_empty_space_inner\"><\/span><\/div>\n\t<div  class=\"wpb_single_image wpb_content_element vc_align_ wpb_content_element\">\n\t\t\n\t\t<figure class=\"wpb_wrapper vc_figure\">\n\t\t\t<a class=\"\" data-lightbox=\"lightbox[rel-5790-3559347787]\" href=\"https:\/\/liasgruppe.de\/wp-content\/uploads\/2024\/07\/16970554894-1024x765.webp\" target=\"_self\"><img width=\"1500\" height=\"1120\" src=\"https:\/\/liasgruppe.de\/wp-content\/uploads\/2024\/07\/16970554894.webp\" class=\"vc_single_image-img attachment-full\" alt=\"\" title=\"16970554894\" srcset=\"https:\/\/liasgruppe.de\/wp-content\/uploads\/2024\/07\/16970554894.webp 1500w, https:\/\/liasgruppe.de\/wp-content\/uploads\/2024\/07\/16970554894-300x224.webp 300w, https:\/\/liasgruppe.de\/wp-content\/uploads\/2024\/07\/16970554894-1024x765.webp 1024w, https:\/\/liasgruppe.de\/wp-content\/uploads\/2024\/07\/16970554894-768x573.webp 768w, https:\/\/liasgruppe.de\/wp-content\/uploads\/2024\/07\/16970554894-600x448.webp 600w\" sizes=\"(max-width: 1500px) 100vw, 1500px\" \/><span class=\"wpb_single_image_caption\">DESERT<\/span><\/a>\n\t\t<\/figure>\n\t<\/div>\n<div class=\"vc_empty_space\"   style=\"height: 30px\"><span class=\"vc_empty_space_inner\"><\/span><\/div>\n\t<div  class=\"wpb_single_image wpb_content_element vc_align_ wpb_content_element\">\n\t\t\n\t\t<figure class=\"wpb_wrapper vc_figure\">\n\t\t\t<a class=\"\" data-lightbox=\"lightbox[rel-5790-3512097234]\" href=\"https:\/\/liasgruppe.de\/wp-content\/uploads\/2024\/07\/16970554896-1024x765.webp\" target=\"_self\"><img width=\"1500\" height=\"1120\" src=\"https:\/\/liasgruppe.de\/wp-content\/uploads\/2024\/07\/16970554896.webp\" class=\"vc_single_image-img attachment-full\" alt=\"\" title=\"16970554896\" srcset=\"https:\/\/liasgruppe.de\/wp-content\/uploads\/2024\/07\/16970554896.webp 1500w, https:\/\/liasgruppe.de\/wp-content\/uploads\/2024\/07\/16970554896-300x224.webp 300w, https:\/\/liasgruppe.de\/wp-content\/uploads\/2024\/07\/16970554896-1024x765.webp 1024w, https:\/\/liasgruppe.de\/wp-content\/uploads\/2024\/07\/16970554896-768x573.webp 768w, https:\/\/liasgruppe.de\/wp-content\/uploads\/2024\/07\/16970554896-600x448.webp 600w\" sizes=\"(max-width: 1500px) 100vw, 1500px\" \/><span class=\"wpb_single_image_caption\">AMBER<\/span><\/a>\n\t\t<\/figure>\n\t<\/div>\n<\/div><\/div><\/div><\/div><\/div><\/div><\/div><div class=\"wpb_column vc_column_container vc_col-sm-6\"><div class=\"vc_column-inner\"><div class=\"wpb_wrapper\"><h1 class=\"vcex-heading vcex-heading-plain vcex-module wpex-heading wpex-text-2xl\"><span class=\"vcex-heading-inner wpex-inline-block\">Auf der Suche nach der Zeit : Sammlung von Edelsteinkulturen Topkap\u0131<\/span><\/h1>\n\t<div class=\"wpb_text_column wpb_content_element\" >\n\t\t<div class=\"wpb_wrapper\">\n\t\t\t<p>Diese einzigartige Kollektion, die geschaffen wurde, um das wunderbare Ambiente der Geschichte in den R\u00e4umen von heute zum Leben zu erwecken, verbindet jeden Stein mit der Eleganz der Vergangenheit und der aktuellen \u00c4sthetik. Wandverkleidungen aus Naturstein und Au\u00dfenverkleidungen aus Stein bieten die Sch\u00f6nheit der Zeit f\u00fcr Innen- und Au\u00dfenbereiche, w\u00e4hrend Verkleidungen aus Kunststein und Ziegel jedem Raum eine historische Note verleihen.<\/p>\n\n\t\t<\/div>\n\t<\/div>\n<\/div><\/div><\/div><\/div><div class=\"vc_row wpb_row vc_row-fluid\"><div class=\"wpb_column vc_column_container vc_col-sm-12\"><div class=\"vc_column-inner\"><div class=\"wpb_wrapper\"><h2 class=\"vcex-heading vcex-heading-plain vcex-module wpex-heading wpex-text-2xl\"><span class=\"vcex-heading-inner wpex-inline-block\">Verwendete Projekte<\/span><\/h2><div class=\"vc_empty_space\"   style=\"height: 30px\"><span class=\"vc_empty_space_inner\"><\/span><\/div><div class=\"vcex-image-grid-wrap wpex-clr\"><div class=\"vcex-module vcex-image-grid grid-style-default wpex-row wpex-clr wpex-lightbox-group\"><div class=\"id-5798 vcex-image-grid-entry vcex-grid-item textcenter span_1_of_4 col col-1\"><figure class=\"vcex-image-grid-entry-figure wpex-last-mb-0 wpex-clr\"><div class=\"vcex-image-grid-entry-img entry-media wpex-mb-20\"><a href=\"https:\/\/liasgruppe.de\/wp-content\/uploads\/2024\/07\/16975739463-1500x844.webp\" class=\"vcex-image-grid-entry-link wpex-lightbox-group-item\" ><img width=\"1920\" height=\"1080\" src=\"https:\/\/liasgruppe.de\/wp-content\/uploads\/2024\/07\/16975739463.webp\" class=\"wpex-align-middle\" alt=\"\" loading=\"lazy\" decoding=\"async\" srcset=\"https:\/\/liasgruppe.de\/wp-content\/uploads\/2024\/07\/16975739463.webp 1920w, https:\/\/liasgruppe.de\/wp-content\/uploads\/2024\/07\/16975739463-300x169.webp 300w, https:\/\/liasgruppe.de\/wp-content\/uploads\/2024\/07\/16975739463-1024x576.webp 1024w, https:\/\/liasgruppe.de\/wp-content\/uploads\/2024\/07\/16975739463-768x432.webp 768w, https:\/\/liasgruppe.de\/wp-content\/uploads\/2024\/07\/16975739463-1536x864.webp 1536w, https:\/\/liasgruppe.de\/wp-content\/uploads\/2024\/07\/16975739463-600x338.webp 600w, https:\/\/liasgruppe.de\/wp-content\/uploads\/2024\/07\/16975739463-1500x844.webp 1500w\" sizes=\"auto, (max-width: 1920px) 100vw, 1920px\" \/><\/a><\/div><\/figure><\/div><div class=\"id-5799 vcex-image-grid-entry vcex-grid-item textcenter span_1_of_4 col col-2\"><figure class=\"vcex-image-grid-entry-figure wpex-last-mb-0 wpex-clr\"><div class=\"vcex-image-grid-entry-img entry-media wpex-mb-20\"><a href=\"https:\/\/liasgruppe.de\/wp-content\/uploads\/2024\/07\/16975739462-1500x844.webp\" class=\"vcex-image-grid-entry-link wpex-lightbox-group-item\" ><img width=\"1920\" height=\"1080\" src=\"https:\/\/liasgruppe.de\/wp-content\/uploads\/2024\/07\/16975739462.webp\" class=\"wpex-align-middle\" alt=\"\" loading=\"lazy\" decoding=\"async\" srcset=\"https:\/\/liasgruppe.de\/wp-content\/uploads\/2024\/07\/16975739462.webp 1920w, https:\/\/liasgruppe.de\/wp-content\/uploads\/2024\/07\/16975739462-300x169.webp 300w, https:\/\/liasgruppe.de\/wp-content\/uploads\/2024\/07\/16975739462-1024x576.webp 1024w, https:\/\/liasgruppe.de\/wp-content\/uploads\/2024\/07\/16975739462-768x432.webp 768w, https:\/\/liasgruppe.de\/wp-content\/uploads\/2024\/07\/16975739462-1536x864.webp 1536w, https:\/\/liasgruppe.de\/wp-content\/uploads\/2024\/07\/16975739462-600x338.webp 600w, https:\/\/liasgruppe.de\/wp-content\/uploads\/2024\/07\/16975739462-1500x844.webp 1500w\" sizes=\"auto, (max-width: 1920px) 100vw, 1920px\" \/><\/a><\/div><\/figure><\/div><div class=\"id-5800 vcex-image-grid-entry vcex-grid-item textcenter span_1_of_4 col col-3\"><figure class=\"vcex-image-grid-entry-figure wpex-last-mb-0 wpex-clr\"><div class=\"vcex-image-grid-entry-img entry-media wpex-mb-20\"><a href=\"https:\/\/liasgruppe.de\/wp-content\/uploads\/2024\/07\/16975739461-1500x844.webp\" class=\"vcex-image-grid-entry-link wpex-lightbox-group-item\" ><img width=\"1920\" height=\"1080\" src=\"https:\/\/liasgruppe.de\/wp-content\/uploads\/2024\/07\/16975739461.webp\" class=\"wpex-align-middle\" alt=\"\" loading=\"lazy\" decoding=\"async\" srcset=\"https:\/\/liasgruppe.de\/wp-content\/uploads\/2024\/07\/16975739461.webp 1920w, https:\/\/liasgruppe.de\/wp-content\/uploads\/2024\/07\/16975739461-300x169.webp 300w, https:\/\/liasgruppe.de\/wp-content\/uploads\/2024\/07\/16975739461-1024x576.webp 1024w, https:\/\/liasgruppe.de\/wp-content\/uploads\/2024\/07\/16975739461-768x432.webp 768w, https:\/\/liasgruppe.de\/wp-content\/uploads\/2024\/07\/16975739461-1536x864.webp 1536w, https:\/\/liasgruppe.de\/wp-content\/uploads\/2024\/07\/16975739461-600x338.webp 600w, https:\/\/liasgruppe.de\/wp-content\/uploads\/2024\/07\/16975739461-1500x844.webp 1500w\" sizes=\"auto, (max-width: 1920px) 100vw, 1920px\" \/><\/a><\/div><\/figure><\/div><\/div><\/div><\/div><\/div><\/div><\/div>\n<\/div>","protected":false},"excerpt":{"rendered":"","protected":false},"author":1,"featured_media":0,"parent":0,"menu_order":0,"comment_status":"closed","ping_status":"closed","template":"templates\/no-sidebar.php","meta":{"inline_featured_image":false,"footnotes":""},"class_list":["post-5790","page","type-page","status-publish","hentry","entry","no-media"],"_links":{"self":[{"href":"https:\/\/liasgruppe.de\/de\/wp-json\/wp\/v2\/pages\/5790","targetHints":{"allow":["GET"]}}],"collection":[{"href":"https:\/\/liasgruppe.de\/de\/wp-json\/wp\/v2\/pages"}],"about":[{"href":"https:\/\/liasgruppe.de\/de\/wp-json\/wp\/v2\/types\/page"}],"author":[{"embeddable":true,"href":"https:\/\/liasgruppe.de\/de\/wp-json\/wp\/v2\/users\/1"}],"replies":[{"embeddable":true,"href":"https:\/\/liasgruppe.de\/de\/wp-json\/wp\/v2\/comments?post=5790"}],"version-history":[{"count":4,"href":"https:\/\/liasgruppe.de\/de\/wp-json\/wp\/v2\/pages\/5790\/revisions"}],"predecessor-version":[{"id":6022,"href":"https:\/\/liasgruppe.de\/de\/wp-json\/wp\/v2\/pages\/5790\/revisions\/6022"}],"wp:attachment":[{"href":"https:\/\/liasgruppe.de\/de\/wp-json\/wp\/v2\/media?parent=5790"}],"curies":[{"name":"wp","href":"https:\/\/api.w.org\/{rel}","templated":true}]}}