{"id":5831,"date":"2024-07-23T12:00:14","date_gmt":"2024-07-23T09:00:14","guid":{"rendered":"https:\/\/liasgruppe.de\/?page_id=5831"},"modified":"2024-09-09T12:51:08","modified_gmt":"2024-09-09T09:51:08","slug":"toronto-kultur-tasi-koleksiyonu","status":"publish","type":"page","link":"https:\/\/liasgruppe.de\/de\/toronto-kultur-tasi-koleksiyonu\/","title":{"rendered":"Sammlung von Edelsteinkulturen Toronto"},"content":{"rendered":"<div class=\"wpb-content-wrapper\"><div class=\"vc_row wpb_row vc_row-fluid\"><div class=\"wpb_column vc_column_container vc_col-sm-6\"><div class=\"vc_column-inner\"><div class=\"wpb_wrapper\"><div class=\"vc_row wpb_row vc_inner vc_row-fluid\"><div class=\"wpb_column vc_column_container vc_col-sm-6\"><div class=\"vc_column-inner\"><div class=\"wpb_wrapper\">\n\t<div  class=\"wpb_single_image wpb_content_element vc_align_ wpb_content_element\">\n\t\t\n\t\t<figure class=\"wpb_wrapper vc_figure\">\n\t\t\t<a class=\"\" data-lightbox=\"lightbox[rel-5831-825667230]\" href=\"https:\/\/liasgruppe.de\/wp-content\/uploads\/2024\/07\/16970555611-1024x765.webp\" target=\"_self\"><img width=\"1500\" height=\"1120\" src=\"https:\/\/liasgruppe.de\/wp-content\/uploads\/2024\/07\/16970555611.webp\" class=\"vc_single_image-img attachment-full\" alt=\"\" title=\"16970555611\" srcset=\"https:\/\/liasgruppe.de\/wp-content\/uploads\/2024\/07\/16970555611.webp 1500w, https:\/\/liasgruppe.de\/wp-content\/uploads\/2024\/07\/16970555611-300x224.webp 300w, https:\/\/liasgruppe.de\/wp-content\/uploads\/2024\/07\/16970555611-1024x765.webp 1024w, https:\/\/liasgruppe.de\/wp-content\/uploads\/2024\/07\/16970555611-768x573.webp 768w, https:\/\/liasgruppe.de\/wp-content\/uploads\/2024\/07\/16970555611-600x448.webp 600w\" sizes=\"(max-width: 1500px) 100vw, 1500px\" \/><span class=\"wpb_single_image_caption\">BLACK DIAMOND<\/span><\/a>\n\t\t<\/figure>\n\t<\/div>\n<div class=\"vc_empty_space\"   style=\"height: 30px\"><span class=\"vc_empty_space_inner\"><\/span><\/div>\n\t<div  class=\"wpb_single_image wpb_content_element vc_align_ wpb_content_element\">\n\t\t\n\t\t<figure class=\"wpb_wrapper vc_figure\">\n\t\t\t<a class=\"\" data-lightbox=\"lightbox[rel-5831-2546371441]\" href=\"https:\/\/liasgruppe.de\/wp-content\/uploads\/2024\/07\/16979601241-1024x765.webp\" target=\"_self\"><img width=\"1500\" height=\"1120\" src=\"https:\/\/liasgruppe.de\/wp-content\/uploads\/2024\/07\/16979601241.webp\" class=\"vc_single_image-img attachment-full\" alt=\"\" title=\"16979601241\" srcset=\"https:\/\/liasgruppe.de\/wp-content\/uploads\/2024\/07\/16979601241.webp 1500w, https:\/\/liasgruppe.de\/wp-content\/uploads\/2024\/07\/16979601241-300x224.webp 300w, https:\/\/liasgruppe.de\/wp-content\/uploads\/2024\/07\/16979601241-1024x765.webp 1024w, https:\/\/liasgruppe.de\/wp-content\/uploads\/2024\/07\/16979601241-768x573.webp 768w, https:\/\/liasgruppe.de\/wp-content\/uploads\/2024\/07\/16979601241-600x448.webp 600w\" sizes=\"(max-width: 1500px) 100vw, 1500px\" \/><span class=\"wpb_single_image_caption\">SILVERY<\/span><\/a>\n\t\t<\/figure>\n\t<\/div>\n<\/div><\/div><\/div><div class=\"wpb_column vc_column_container vc_col-sm-6\"><div class=\"vc_column-inner\"><div class=\"wpb_wrapper\">\n\t<div  class=\"wpb_single_image wpb_content_element vc_align_ wpb_content_element\">\n\t\t\n\t\t<figure class=\"wpb_wrapper vc_figure\">\n\t\t\t<a class=\"\" data-lightbox=\"lightbox[rel-5831-1425646756]\" href=\"https:\/\/liasgruppe.de\/wp-content\/uploads\/2024\/07\/16970555622-1-1024x765.webp\" target=\"_self\"><img width=\"1500\" height=\"1120\" src=\"https:\/\/liasgruppe.de\/wp-content\/uploads\/2024\/07\/16970555622-1.webp\" class=\"vc_single_image-img attachment-full\" alt=\"\" title=\"16970555622 (1)\" srcset=\"https:\/\/liasgruppe.de\/wp-content\/uploads\/2024\/07\/16970555622-1.webp 1500w, https:\/\/liasgruppe.de\/wp-content\/uploads\/2024\/07\/16970555622-1-300x224.webp 300w, https:\/\/liasgruppe.de\/wp-content\/uploads\/2024\/07\/16970555622-1-1024x765.webp 1024w, https:\/\/liasgruppe.de\/wp-content\/uploads\/2024\/07\/16970555622-1-768x573.webp 768w, https:\/\/liasgruppe.de\/wp-content\/uploads\/2024\/07\/16970555622-1-600x448.webp 600w\" sizes=\"(max-width: 1500px) 100vw, 1500px\" \/><span class=\"wpb_single_image_caption\">OLIVE<\/span><\/a>\n\t\t<\/figure>\n\t<\/div>\n<\/div><\/div><\/div><\/div><\/div><\/div><\/div><div class=\"wpb_column vc_column_container vc_col-sm-6\"><div class=\"vc_column-inner\"><div class=\"wpb_wrapper\"><h1 class=\"vcex-heading vcex-heading-plain vcex-module wpex-heading wpex-text-2xl\"><span class=\"vcex-heading-inner wpex-inline-block\">\u00c4sthetik neu definiert: Sammlung von Edelsteinkulturen Toronto<\/span><\/h1>\n\t<div class=\"wpb_text_column wpb_content_element\" >\n\t\t<div class=\"wpb_wrapper\">\n\t\t\t<p>Mit leuchtenden Farben und wunderbaren Geschichten verwandelt diese Kollektion das Gew\u00f6hnliche in etwas Au\u00dfergew\u00f6hnliches und verleiht der Umgebung eine neue Tiefe. Feine Details und dynamische Linien betonen die visuelle Wirkung der R\u00e4ume mit unseren Wandverkleidungen aus Naturstein und Kunststeinen und verwandeln jede Ecke in ein k\u00fcnstlerisches Meisterwerk.<\/p>\n\n\t\t<\/div>\n\t<\/div>\n<\/div><\/div><\/div><\/div><div class=\"vc_row wpb_row vc_row-fluid\"><div class=\"wpb_column vc_column_container vc_col-sm-12\"><div class=\"vc_column-inner\"><div class=\"wpb_wrapper\"><h2 class=\"vcex-heading vcex-heading-plain vcex-module wpex-heading wpex-text-2xl\"><span class=\"vcex-heading-inner wpex-inline-block\">Verwendete Projekte<\/span><\/h2><div class=\"vc_empty_space\"   style=\"height: 30px\"><span class=\"vc_empty_space_inner\"><\/span><\/div><div class=\"vcex-image-grid-wrap wpex-clr\"><div class=\"vcex-module vcex-image-grid grid-style-default wpex-row wpex-clr wpex-lightbox-group\"><div class=\"id-5835 vcex-image-grid-entry vcex-grid-item textcenter span_1_of_4 col col-1\"><figure class=\"vcex-image-grid-entry-figure wpex-last-mb-0 wpex-clr\"><div class=\"vcex-image-grid-entry-img entry-media wpex-mb-20\"><a href=\"https:\/\/liasgruppe.de\/wp-content\/uploads\/2024\/07\/16975740032-1500x844.webp\" class=\"vcex-image-grid-entry-link wpex-lightbox-group-item\" ><img width=\"1920\" height=\"1080\" src=\"https:\/\/liasgruppe.de\/wp-content\/uploads\/2024\/07\/16975740032.webp\" class=\"wpex-align-middle\" alt=\"\" loading=\"lazy\" decoding=\"async\" srcset=\"https:\/\/liasgruppe.de\/wp-content\/uploads\/2024\/07\/16975740032.webp 1920w, https:\/\/liasgruppe.de\/wp-content\/uploads\/2024\/07\/16975740032-300x169.webp 300w, https:\/\/liasgruppe.de\/wp-content\/uploads\/2024\/07\/16975740032-1024x576.webp 1024w, https:\/\/liasgruppe.de\/wp-content\/uploads\/2024\/07\/16975740032-768x432.webp 768w, https:\/\/liasgruppe.de\/wp-content\/uploads\/2024\/07\/16975740032-1536x864.webp 1536w, https:\/\/liasgruppe.de\/wp-content\/uploads\/2024\/07\/16975740032-600x338.webp 600w, https:\/\/liasgruppe.de\/wp-content\/uploads\/2024\/07\/16975740032-1500x844.webp 1500w\" sizes=\"auto, (max-width: 1920px) 100vw, 1920px\" \/><\/a><\/div><\/figure><\/div><div class=\"id-5836 vcex-image-grid-entry vcex-grid-item textcenter span_1_of_4 col col-2\"><figure class=\"vcex-image-grid-entry-figure wpex-last-mb-0 wpex-clr\"><div class=\"vcex-image-grid-entry-img entry-media wpex-mb-20\"><a href=\"https:\/\/liasgruppe.de\/wp-content\/uploads\/2024\/07\/16975740031-1500x844.webp\" class=\"vcex-image-grid-entry-link wpex-lightbox-group-item\" ><img width=\"1920\" height=\"1080\" src=\"https:\/\/liasgruppe.de\/wp-content\/uploads\/2024\/07\/16975740031.webp\" class=\"wpex-align-middle\" alt=\"\" loading=\"lazy\" decoding=\"async\" srcset=\"https:\/\/liasgruppe.de\/wp-content\/uploads\/2024\/07\/16975740031.webp 1920w, https:\/\/liasgruppe.de\/wp-content\/uploads\/2024\/07\/16975740031-300x169.webp 300w, https:\/\/liasgruppe.de\/wp-content\/uploads\/2024\/07\/16975740031-1024x576.webp 1024w, https:\/\/liasgruppe.de\/wp-content\/uploads\/2024\/07\/16975740031-768x432.webp 768w, https:\/\/liasgruppe.de\/wp-content\/uploads\/2024\/07\/16975740031-1536x864.webp 1536w, https:\/\/liasgruppe.de\/wp-content\/uploads\/2024\/07\/16975740031-600x338.webp 600w, https:\/\/liasgruppe.de\/wp-content\/uploads\/2024\/07\/16975740031-1500x844.webp 1500w\" sizes=\"auto, (max-width: 1920px) 100vw, 1920px\" \/><\/a><\/div><\/figure><\/div><\/div><\/div><\/div><\/div><\/div><\/div>\n<\/div>","protected":false},"excerpt":{"rendered":"","protected":false},"author":1,"featured_media":0,"parent":0,"menu_order":0,"comment_status":"closed","ping_status":"closed","template":"templates\/no-sidebar.php","meta":{"inline_featured_image":false,"footnotes":""},"class_list":["post-5831","page","type-page","status-publish","hentry","entry","no-media"],"_links":{"self":[{"href":"https:\/\/liasgruppe.de\/de\/wp-json\/wp\/v2\/pages\/5831","targetHints":{"allow":["GET"]}}],"collection":[{"href":"https:\/\/liasgruppe.de\/de\/wp-json\/wp\/v2\/pages"}],"about":[{"href":"https:\/\/liasgruppe.de\/de\/wp-json\/wp\/v2\/types\/page"}],"author":[{"embeddable":true,"href":"https:\/\/liasgruppe.de\/de\/wp-json\/wp\/v2\/users\/1"}],"replies":[{"embeddable":true,"href":"https:\/\/liasgruppe.de\/de\/wp-json\/wp\/v2\/comments?post=5831"}],"version-history":[{"count":2,"href":"https:\/\/liasgruppe.de\/de\/wp-json\/wp\/v2\/pages\/5831\/revisions"}],"predecessor-version":[{"id":6027,"href":"https:\/\/liasgruppe.de\/de\/wp-json\/wp\/v2\/pages\/5831\/revisions\/6027"}],"wp:attachment":[{"href":"https:\/\/liasgruppe.de\/de\/wp-json\/wp\/v2\/media?parent=5831"}],"curies":[{"name":"wp","href":"https:\/\/api.w.org\/{rel}","templated":true}]}}