{"id":5876,"date":"2024-08-26T11:16:54","date_gmt":"2024-08-26T08:16:54","guid":{"rendered":"https:\/\/liasgruppe.de\/?page_id=5876"},"modified":"2024-09-09T12:55:43","modified_gmt":"2024-09-09T09:55:43","slug":"acarbrick-kultur-tuglasi-koleksiyonu","status":"publish","type":"page","link":"https:\/\/liasgruppe.de\/de\/acarbrick-kultur-tuglasi-koleksiyonu\/","title":{"rendered":"Die Acarbrick Kulturbaustein Kollektion"},"content":{"rendered":"<div class=\"wpb-content-wrapper\"><div class=\"vc_row wpb_row vc_row-fluid\"><div class=\"wpb_column vc_column_container vc_col-sm-6\"><div class=\"vc_column-inner\"><div class=\"wpb_wrapper\"><div class=\"vc_row wpb_row vc_inner vc_row-fluid\"><div class=\"wpb_column vc_column_container vc_col-sm-6\"><div class=\"vc_column-inner\"><div class=\"wpb_wrapper\">\n\t<div  class=\"wpb_single_image wpb_content_element vc_align_ wpb_content_element\">\n\t\t\n\t\t<figure class=\"wpb_wrapper vc_figure\">\n\t\t\t<a class=\"\" data-lightbox=\"lightbox[rel-5876-1063100988]\" href=\"https:\/\/liasgruppe.de\/wp-content\/uploads\/2024\/08\/16970556631-1024x765.webp\" target=\"_self\"><img width=\"1500\" height=\"1120\" src=\"https:\/\/liasgruppe.de\/wp-content\/uploads\/2024\/08\/16970556631.webp\" class=\"vc_single_image-img attachment-full\" alt=\"\" title=\"16970556631\" srcset=\"https:\/\/liasgruppe.de\/wp-content\/uploads\/2024\/08\/16970556631.webp 1500w, https:\/\/liasgruppe.de\/wp-content\/uploads\/2024\/08\/16970556631-300x224.webp 300w, https:\/\/liasgruppe.de\/wp-content\/uploads\/2024\/08\/16970556631-1024x765.webp 1024w, https:\/\/liasgruppe.de\/wp-content\/uploads\/2024\/08\/16970556631-768x573.webp 768w, https:\/\/liasgruppe.de\/wp-content\/uploads\/2024\/08\/16970556631-600x448.webp 600w\" sizes=\"(max-width: 1500px) 100vw, 1500px\" \/><span class=\"wpb_single_image_caption\">WHITE<\/span><\/a>\n\t\t<\/figure>\n\t<\/div>\n<div class=\"vc_empty_space\"   style=\"height: 30px\"><span class=\"vc_empty_space_inner\"><\/span><\/div>\n\t<div  class=\"wpb_single_image wpb_content_element vc_align_ wpb_content_element\">\n\t\t\n\t\t<figure class=\"wpb_wrapper vc_figure\">\n\t\t\t<a class=\"\" data-lightbox=\"lightbox[rel-5876-3552572179]\" href=\"https:\/\/liasgruppe.de\/wp-content\/uploads\/2024\/08\/16970556633-1024x765.webp\" target=\"_self\"><img width=\"1500\" height=\"1120\" src=\"https:\/\/liasgruppe.de\/wp-content\/uploads\/2024\/08\/16970556633.webp\" class=\"vc_single_image-img attachment-full\" alt=\"\" title=\"16970556633\" srcset=\"https:\/\/liasgruppe.de\/wp-content\/uploads\/2024\/08\/16970556633.webp 1500w, https:\/\/liasgruppe.de\/wp-content\/uploads\/2024\/08\/16970556633-300x224.webp 300w, https:\/\/liasgruppe.de\/wp-content\/uploads\/2024\/08\/16970556633-1024x765.webp 1024w, https:\/\/liasgruppe.de\/wp-content\/uploads\/2024\/08\/16970556633-768x573.webp 768w, https:\/\/liasgruppe.de\/wp-content\/uploads\/2024\/08\/16970556633-600x448.webp 600w\" sizes=\"(max-width: 1500px) 100vw, 1500px\" \/><span class=\"wpb_single_image_caption\">RED<\/span><\/a>\n\t\t<\/figure>\n\t<\/div>\n<div class=\"vc_empty_space\"   style=\"height: 30px\"><span class=\"vc_empty_space_inner\"><\/span><\/div>\n\t<div  class=\"wpb_single_image wpb_content_element vc_align_ wpb_content_element\">\n\t\t\n\t\t<figure class=\"wpb_wrapper vc_figure\">\n\t\t\t<a class=\"\" data-lightbox=\"lightbox[rel-5876-801873089]\" href=\"https:\/\/liasgruppe.de\/wp-content\/uploads\/2024\/08\/16970556635-1-1024x765.webp\" target=\"_self\"><img width=\"1500\" height=\"1120\" src=\"https:\/\/liasgruppe.de\/wp-content\/uploads\/2024\/08\/16970556635-1.webp\" class=\"vc_single_image-img attachment-full\" alt=\"\" title=\"16970556635 (1)\" srcset=\"https:\/\/liasgruppe.de\/wp-content\/uploads\/2024\/08\/16970556635-1.webp 1500w, https:\/\/liasgruppe.de\/wp-content\/uploads\/2024\/08\/16970556635-1-300x224.webp 300w, https:\/\/liasgruppe.de\/wp-content\/uploads\/2024\/08\/16970556635-1-1024x765.webp 1024w, https:\/\/liasgruppe.de\/wp-content\/uploads\/2024\/08\/16970556635-1-768x573.webp 768w, https:\/\/liasgruppe.de\/wp-content\/uploads\/2024\/08\/16970556635-1-600x448.webp 600w\" sizes=\"(max-width: 1500px) 100vw, 1500px\" \/><span class=\"wpb_single_image_caption\">COMBIN 2<\/span><\/a>\n\t\t<\/figure>\n\t<\/div>\n<div class=\"vc_empty_space\"   style=\"height: 30px\"><span class=\"vc_empty_space_inner\"><\/span><\/div>\n\t<div  class=\"wpb_single_image wpb_content_element vc_align_ wpb_content_element\">\n\t\t\n\t\t<figure class=\"wpb_wrapper vc_figure\">\n\t\t\t<a class=\"\" data-lightbox=\"lightbox[rel-5876-3389196447]\" href=\"https:\/\/liasgruppe.de\/wp-content\/uploads\/2024\/08\/16970556637-1024x765.webp\" target=\"_self\"><img width=\"1500\" height=\"1120\" src=\"https:\/\/liasgruppe.de\/wp-content\/uploads\/2024\/08\/16970556637.webp\" class=\"vc_single_image-img attachment-full\" alt=\"\" title=\"16970556637\" srcset=\"https:\/\/liasgruppe.de\/wp-content\/uploads\/2024\/08\/16970556637.webp 1500w, https:\/\/liasgruppe.de\/wp-content\/uploads\/2024\/08\/16970556637-300x224.webp 300w, https:\/\/liasgruppe.de\/wp-content\/uploads\/2024\/08\/16970556637-1024x765.webp 1024w, https:\/\/liasgruppe.de\/wp-content\/uploads\/2024\/08\/16970556637-768x573.webp 768w, https:\/\/liasgruppe.de\/wp-content\/uploads\/2024\/08\/16970556637-600x448.webp 600w\" sizes=\"(max-width: 1500px) 100vw, 1500px\" \/><span class=\"wpb_single_image_caption\">DARK GREY<\/span><\/a>\n\t\t<\/figure>\n\t<\/div>\n<div class=\"vc_empty_space\"   style=\"height: 30px\"><span class=\"vc_empty_space_inner\"><\/span><\/div>\n\t<div  class=\"wpb_single_image wpb_content_element vc_align_ wpb_content_element\">\n\t\t\n\t\t<figure class=\"wpb_wrapper vc_figure\">\n\t\t\t<a class=\"\" data-lightbox=\"lightbox[rel-5876-1032240262]\" href=\"https:\/\/liasgruppe.de\/wp-content\/uploads\/2024\/08\/169795964111-1024x765.webp\" target=\"_self\"><img width=\"1500\" height=\"1120\" src=\"https:\/\/liasgruppe.de\/wp-content\/uploads\/2024\/08\/169795964111.webp\" class=\"vc_single_image-img attachment-full\" alt=\"\" title=\"169795964111\" srcset=\"https:\/\/liasgruppe.de\/wp-content\/uploads\/2024\/08\/169795964111.webp 1500w, https:\/\/liasgruppe.de\/wp-content\/uploads\/2024\/08\/169795964111-300x224.webp 300w, https:\/\/liasgruppe.de\/wp-content\/uploads\/2024\/08\/169795964111-1024x765.webp 1024w, https:\/\/liasgruppe.de\/wp-content\/uploads\/2024\/08\/169795964111-768x573.webp 768w, https:\/\/liasgruppe.de\/wp-content\/uploads\/2024\/08\/169795964111-600x448.webp 600w\" sizes=\"(max-width: 1500px) 100vw, 1500px\" \/><span class=\"wpb_single_image_caption\">AMBER WITH WHITE<\/span><\/a>\n\t\t<\/figure>\n\t<\/div>\n<\/div><\/div><\/div><div class=\"wpb_column vc_column_container vc_col-sm-6\"><div class=\"vc_column-inner\"><div class=\"wpb_wrapper\">\n\t<div  class=\"wpb_single_image wpb_content_element vc_align_ wpb_content_element\">\n\t\t\n\t\t<figure class=\"wpb_wrapper vc_figure\">\n\t\t\t<a class=\"\" data-lightbox=\"lightbox[rel-5876-2179441758]\" href=\"https:\/\/liasgruppe.de\/wp-content\/uploads\/2024\/08\/16970556632-1024x765.webp\" target=\"_self\"><img width=\"1500\" height=\"1120\" src=\"https:\/\/liasgruppe.de\/wp-content\/uploads\/2024\/08\/16970556632.webp\" class=\"vc_single_image-img attachment-full\" alt=\"\" title=\"16970556632\" srcset=\"https:\/\/liasgruppe.de\/wp-content\/uploads\/2024\/08\/16970556632.webp 1500w, https:\/\/liasgruppe.de\/wp-content\/uploads\/2024\/08\/16970556632-300x224.webp 300w, https:\/\/liasgruppe.de\/wp-content\/uploads\/2024\/08\/16970556632-1024x765.webp 1024w, https:\/\/liasgruppe.de\/wp-content\/uploads\/2024\/08\/16970556632-768x573.webp 768w, https:\/\/liasgruppe.de\/wp-content\/uploads\/2024\/08\/16970556632-600x448.webp 600w\" sizes=\"(max-width: 1500px) 100vw, 1500px\" \/><span class=\"wpb_single_image_caption\">GOLD<\/span><\/a>\n\t\t<\/figure>\n\t<\/div>\n<div class=\"vc_empty_space\"   style=\"height: 30px\"><span class=\"vc_empty_space_inner\"><\/span><\/div>\n\t<div  class=\"wpb_single_image wpb_content_element vc_align_ wpb_content_element\">\n\t\t\n\t\t<figure class=\"wpb_wrapper vc_figure\">\n\t\t\t<a class=\"\" data-lightbox=\"lightbox[rel-5876-3313500743]\" href=\"https:\/\/liasgruppe.de\/wp-content\/uploads\/2024\/08\/16970556634-1024x765.webp\" target=\"_self\"><img width=\"1500\" height=\"1120\" src=\"https:\/\/liasgruppe.de\/wp-content\/uploads\/2024\/08\/16970556634.webp\" class=\"vc_single_image-img attachment-full\" alt=\"\" title=\"16970556634\" srcset=\"https:\/\/liasgruppe.de\/wp-content\/uploads\/2024\/08\/16970556634.webp 1500w, https:\/\/liasgruppe.de\/wp-content\/uploads\/2024\/08\/16970556634-300x224.webp 300w, https:\/\/liasgruppe.de\/wp-content\/uploads\/2024\/08\/16970556634-1024x765.webp 1024w, https:\/\/liasgruppe.de\/wp-content\/uploads\/2024\/08\/16970556634-768x573.webp 768w, https:\/\/liasgruppe.de\/wp-content\/uploads\/2024\/08\/16970556634-600x448.webp 600w\" sizes=\"(max-width: 1500px) 100vw, 1500px\" \/><span class=\"wpb_single_image_caption\">COMBIN 1<\/span><\/a>\n\t\t<\/figure>\n\t<\/div>\n<div class=\"vc_empty_space\"   style=\"height: 30px\"><span class=\"vc_empty_space_inner\"><\/span><\/div>\n\t<div  class=\"wpb_single_image wpb_content_element vc_align_ wpb_content_element\">\n\t\t\n\t\t<figure class=\"wpb_wrapper vc_figure\">\n\t\t\t<a class=\"\" data-lightbox=\"lightbox[rel-5876-3096456743]\" href=\"https:\/\/liasgruppe.de\/wp-content\/uploads\/2024\/08\/16970556636-1024x765.webp\" target=\"_self\"><img width=\"1500\" height=\"1120\" src=\"https:\/\/liasgruppe.de\/wp-content\/uploads\/2024\/08\/16970556636.webp\" class=\"vc_single_image-img attachment-full\" alt=\"\" title=\"16970556636\" srcset=\"https:\/\/liasgruppe.de\/wp-content\/uploads\/2024\/08\/16970556636.webp 1500w, https:\/\/liasgruppe.de\/wp-content\/uploads\/2024\/08\/16970556636-300x224.webp 300w, https:\/\/liasgruppe.de\/wp-content\/uploads\/2024\/08\/16970556636-1024x765.webp 1024w, https:\/\/liasgruppe.de\/wp-content\/uploads\/2024\/08\/16970556636-768x573.webp 768w, https:\/\/liasgruppe.de\/wp-content\/uploads\/2024\/08\/16970556636-600x448.webp 600w\" sizes=\"(max-width: 1500px) 100vw, 1500px\" \/><span class=\"wpb_single_image_caption\">COMBIN 3<\/span><\/a>\n\t\t<\/figure>\n\t<\/div>\n<div class=\"vc_empty_space\"   style=\"height: 30px\"><span class=\"vc_empty_space_inner\"><\/span><\/div>\n\t<div  class=\"wpb_single_image wpb_content_element vc_align_ wpb_content_element\">\n\t\t\n\t\t<figure class=\"wpb_wrapper vc_figure\">\n\t\t\t<a class=\"\" data-lightbox=\"lightbox[rel-5876-2442445161]\" href=\"https:\/\/liasgruppe.de\/wp-content\/uploads\/2024\/08\/16970556638-1024x765.webp\" target=\"_self\"><img width=\"1500\" height=\"1120\" src=\"https:\/\/liasgruppe.de\/wp-content\/uploads\/2024\/08\/16970556638.webp\" class=\"vc_single_image-img attachment-full\" alt=\"\" title=\"16970556638\" srcset=\"https:\/\/liasgruppe.de\/wp-content\/uploads\/2024\/08\/16970556638.webp 1500w, https:\/\/liasgruppe.de\/wp-content\/uploads\/2024\/08\/16970556638-300x224.webp 300w, https:\/\/liasgruppe.de\/wp-content\/uploads\/2024\/08\/16970556638-1024x765.webp 1024w, https:\/\/liasgruppe.de\/wp-content\/uploads\/2024\/08\/16970556638-768x573.webp 768w, https:\/\/liasgruppe.de\/wp-content\/uploads\/2024\/08\/16970556638-600x448.webp 600w\" sizes=\"(max-width: 1500px) 100vw, 1500px\" \/><span class=\"wpb_single_image_caption\">SALMON<\/span><\/a>\n\t\t<\/figure>\n\t<\/div>\n<\/div><\/div><\/div><\/div><\/div><\/div><\/div><div class=\"wpb_column vc_column_container vc_col-sm-6\"><div class=\"vc_column-inner\"><div class=\"wpb_wrapper\"><h1 class=\"vcex-heading vcex-heading-plain vcex-module wpex-heading wpex-text-2xl\"><span class=\"vcex-heading-inner wpex-inline-block\">Die Sch\u00f6nheit liegt im Detail: Die Acarbrick Kulturbaustein Kollektion<\/span><\/h1>\n\t<div class=\"wpb_text_column wpb_content_element\" >\n\t\t<div class=\"wpb_wrapper\">\n\t\t\t<p>Diese Kollektion ist bereit, R\u00e4umen mit ihrer Einzigartigkeit, authentischen Beschaffenheit und sorgf\u00e4ltigen Verarbeitung eine Seele zu verleihen! Jede Natursteinwandverkleidung und jedes kulturelle Ziegeldesign sprengt die Grenzen des Gew\u00f6hnlichen und hebt die R\u00e4ume hervor wie ein mit Komplimenten geschm\u00fccktes Gedicht. Diese Kollektion von Stonelegant verleiht Ihren Wohnr\u00e4umen eine k\u00fcnstlerische Note und bietet eine Vielzahl von Einsatzm\u00f6glichkeiten, von Au\u00dfenverkleidungen aus Stein bis hin zu den Innenr\u00e4umen.<\/p>\n\n\t\t<\/div>\n\t<\/div>\n<\/div><\/div><\/div><\/div><div class=\"vc_row wpb_row vc_row-fluid\"><div class=\"wpb_column vc_column_container vc_col-sm-12\"><div class=\"vc_column-inner\"><div class=\"wpb_wrapper\"><h2 class=\"vcex-heading vcex-heading-plain vcex-module wpex-heading wpex-text-2xl\"><span class=\"vcex-heading-inner wpex-inline-block\">Verwendete Projekte<\/span><\/h2><div class=\"vc_empty_space\"   style=\"height: 30px\"><span class=\"vc_empty_space_inner\"><\/span><\/div><div class=\"vcex-image-grid-wrap wpex-clr\"><div class=\"vcex-module vcex-image-grid grid-style-default wpex-row wpex-clr wpex-lightbox-group\"><div class=\"id-5886 vcex-image-grid-entry vcex-grid-item textcenter span_1_of_4 col col-1\"><figure class=\"vcex-image-grid-entry-figure wpex-last-mb-0 wpex-clr\"><div class=\"vcex-image-grid-entry-img entry-media wpex-mb-20\"><a href=\"https:\/\/liasgruppe.de\/wp-content\/uploads\/2024\/08\/16975740473-1500x844.webp\" class=\"vcex-image-grid-entry-link wpex-lightbox-group-item\" ><img width=\"1920\" height=\"1080\" src=\"https:\/\/liasgruppe.de\/wp-content\/uploads\/2024\/08\/16975740473.webp\" class=\"wpex-align-middle\" alt=\"\" loading=\"lazy\" decoding=\"async\" srcset=\"https:\/\/liasgruppe.de\/wp-content\/uploads\/2024\/08\/16975740473.webp 1920w, https:\/\/liasgruppe.de\/wp-content\/uploads\/2024\/08\/16975740473-300x169.webp 300w, https:\/\/liasgruppe.de\/wp-content\/uploads\/2024\/08\/16975740473-1024x576.webp 1024w, https:\/\/liasgruppe.de\/wp-content\/uploads\/2024\/08\/16975740473-768x432.webp 768w, https:\/\/liasgruppe.de\/wp-content\/uploads\/2024\/08\/16975740473-1536x864.webp 1536w, https:\/\/liasgruppe.de\/wp-content\/uploads\/2024\/08\/16975740473-600x338.webp 600w, https:\/\/liasgruppe.de\/wp-content\/uploads\/2024\/08\/16975740473-1500x844.webp 1500w\" sizes=\"auto, (max-width: 1920px) 100vw, 1920px\" \/><\/a><\/div><\/figure><\/div><div class=\"id-5887 vcex-image-grid-entry vcex-grid-item textcenter span_1_of_4 col col-2\"><figure class=\"vcex-image-grid-entry-figure wpex-last-mb-0 wpex-clr\"><div class=\"vcex-image-grid-entry-img entry-media wpex-mb-20\"><a href=\"https:\/\/liasgruppe.de\/wp-content\/uploads\/2024\/08\/16975740472-1500x844.webp\" class=\"vcex-image-grid-entry-link wpex-lightbox-group-item\" ><img width=\"1920\" height=\"1080\" src=\"https:\/\/liasgruppe.de\/wp-content\/uploads\/2024\/08\/16975740472.webp\" class=\"wpex-align-middle\" alt=\"\" loading=\"lazy\" decoding=\"async\" srcset=\"https:\/\/liasgruppe.de\/wp-content\/uploads\/2024\/08\/16975740472.webp 1920w, https:\/\/liasgruppe.de\/wp-content\/uploads\/2024\/08\/16975740472-300x169.webp 300w, https:\/\/liasgruppe.de\/wp-content\/uploads\/2024\/08\/16975740472-1024x576.webp 1024w, https:\/\/liasgruppe.de\/wp-content\/uploads\/2024\/08\/16975740472-768x432.webp 768w, https:\/\/liasgruppe.de\/wp-content\/uploads\/2024\/08\/16975740472-1536x864.webp 1536w, https:\/\/liasgruppe.de\/wp-content\/uploads\/2024\/08\/16975740472-600x338.webp 600w, https:\/\/liasgruppe.de\/wp-content\/uploads\/2024\/08\/16975740472-1500x844.webp 1500w\" sizes=\"auto, (max-width: 1920px) 100vw, 1920px\" \/><\/a><\/div><\/figure><\/div><div class=\"id-5888 vcex-image-grid-entry vcex-grid-item textcenter span_1_of_4 col col-3\"><figure class=\"vcex-image-grid-entry-figure wpex-last-mb-0 wpex-clr\"><div class=\"vcex-image-grid-entry-img entry-media wpex-mb-20\"><a href=\"https:\/\/liasgruppe.de\/wp-content\/uploads\/2024\/08\/16975740471-1500x844.webp\" class=\"vcex-image-grid-entry-link wpex-lightbox-group-item\" ><img width=\"1920\" height=\"1080\" src=\"https:\/\/liasgruppe.de\/wp-content\/uploads\/2024\/08\/16975740471.webp\" class=\"wpex-align-middle\" alt=\"\" loading=\"lazy\" decoding=\"async\" srcset=\"https:\/\/liasgruppe.de\/wp-content\/uploads\/2024\/08\/16975740471.webp 1920w, https:\/\/liasgruppe.de\/wp-content\/uploads\/2024\/08\/16975740471-300x169.webp 300w, https:\/\/liasgruppe.de\/wp-content\/uploads\/2024\/08\/16975740471-1024x576.webp 1024w, https:\/\/liasgruppe.de\/wp-content\/uploads\/2024\/08\/16975740471-768x432.webp 768w, https:\/\/liasgruppe.de\/wp-content\/uploads\/2024\/08\/16975740471-1536x864.webp 1536w, https:\/\/liasgruppe.de\/wp-content\/uploads\/2024\/08\/16975740471-600x338.webp 600w, https:\/\/liasgruppe.de\/wp-content\/uploads\/2024\/08\/16975740471-1500x844.webp 1500w\" sizes=\"auto, (max-width: 1920px) 100vw, 1920px\" \/><\/a><\/div><\/figure><\/div><\/div><\/div><\/div><\/div><\/div><\/div>\n<\/div>","protected":false},"excerpt":{"rendered":"","protected":false},"author":1,"featured_media":0,"parent":0,"menu_order":0,"comment_status":"closed","ping_status":"closed","template":"templates\/no-sidebar.php","meta":{"inline_featured_image":false,"footnotes":""},"class_list":["post-5876","page","type-page","status-publish","hentry","entry","no-media"],"_links":{"self":[{"href":"https:\/\/liasgruppe.de\/de\/wp-json\/wp\/v2\/pages\/5876","targetHints":{"allow":["GET"]}}],"collection":[{"href":"https:\/\/liasgruppe.de\/de\/wp-json\/wp\/v2\/pages"}],"about":[{"href":"https:\/\/liasgruppe.de\/de\/wp-json\/wp\/v2\/types\/page"}],"author":[{"embeddable":true,"href":"https:\/\/liasgruppe.de\/de\/wp-json\/wp\/v2\/users\/1"}],"replies":[{"embeddable":true,"href":"https:\/\/liasgruppe.de\/de\/wp-json\/wp\/v2\/comments?post=5876"}],"version-history":[{"count":3,"href":"https:\/\/liasgruppe.de\/de\/wp-json\/wp\/v2\/pages\/5876\/revisions"}],"predecessor-version":[{"id":6031,"href":"https:\/\/liasgruppe.de\/de\/wp-json\/wp\/v2\/pages\/5876\/revisions\/6031"}],"wp:attachment":[{"href":"https:\/\/liasgruppe.de\/de\/wp-json\/wp\/v2\/media?parent=5876"}],"curies":[{"name":"wp","href":"https:\/\/api.w.org\/{rel}","templated":true}]}}