{"id":5891,"date":"2024-08-26T11:20:35","date_gmt":"2024-08-26T08:20:35","guid":{"rendered":"https:\/\/liasgruppe.de\/?page_id=5891"},"modified":"2024-09-09T12:57:16","modified_gmt":"2024-09-09T09:57:16","slug":"bello-kultur-tuglasi-koleksiyonu","status":"publish","type":"page","link":"https:\/\/liasgruppe.de\/de\/bello-kultur-tuglasi-koleksiyonu\/","title":{"rendered":"Bello Kulturbaustein Kollektion"},"content":{"rendered":"<div class=\"wpb-content-wrapper\"><div class=\"vc_row wpb_row vc_row-fluid\"><div class=\"wpb_column vc_column_container vc_col-sm-6\"><div class=\"vc_column-inner\"><div class=\"wpb_wrapper\"><div class=\"vc_row wpb_row vc_inner vc_row-fluid\"><div class=\"wpb_column vc_column_container vc_col-sm-6\"><div class=\"vc_column-inner\"><div class=\"wpb_wrapper\">\n\t<div  class=\"wpb_single_image wpb_content_element vc_align_ wpb_content_element\">\n\t\t\n\t\t<figure class=\"wpb_wrapper vc_figure\">\n\t\t\t<a class=\"\" data-lightbox=\"lightbox[rel-5891-2547398762]\" href=\"https:\/\/liasgruppe.de\/wp-content\/uploads\/2024\/08\/16970556731-1-1024x765.webp\" target=\"_self\"><img width=\"1500\" height=\"1120\" src=\"https:\/\/liasgruppe.de\/wp-content\/uploads\/2024\/08\/16970556731-1.webp\" class=\"vc_single_image-img attachment-full\" alt=\"\" title=\"16970556731 (1)\" srcset=\"https:\/\/liasgruppe.de\/wp-content\/uploads\/2024\/08\/16970556731-1.webp 1500w, https:\/\/liasgruppe.de\/wp-content\/uploads\/2024\/08\/16970556731-1-300x224.webp 300w, https:\/\/liasgruppe.de\/wp-content\/uploads\/2024\/08\/16970556731-1-1024x765.webp 1024w, https:\/\/liasgruppe.de\/wp-content\/uploads\/2024\/08\/16970556731-1-768x573.webp 768w, https:\/\/liasgruppe.de\/wp-content\/uploads\/2024\/08\/16970556731-1-600x448.webp 600w\" sizes=\"(max-width: 1500px) 100vw, 1500px\" \/><span class=\"wpb_single_image_caption\">TOLDING CREAM<\/span><\/a>\n\t\t<\/figure>\n\t<\/div>\n<div class=\"vc_empty_space\"   style=\"height: 30px\"><span class=\"vc_empty_space_inner\"><\/span><\/div>\n\t<div  class=\"wpb_single_image wpb_content_element vc_align_ wpb_content_element\">\n\t\t\n\t\t<figure class=\"wpb_wrapper vc_figure\">\n\t\t\t<a class=\"\" data-lightbox=\"lightbox[rel-5891-3083015166]\" href=\"https:\/\/liasgruppe.de\/wp-content\/uploads\/2024\/08\/16970556733-1024x765.webp\" target=\"_self\"><img width=\"1500\" height=\"1120\" src=\"https:\/\/liasgruppe.de\/wp-content\/uploads\/2024\/08\/16970556733.webp\" class=\"vc_single_image-img attachment-full\" alt=\"\" title=\"16970556733\" srcset=\"https:\/\/liasgruppe.de\/wp-content\/uploads\/2024\/08\/16970556733.webp 1500w, https:\/\/liasgruppe.de\/wp-content\/uploads\/2024\/08\/16970556733-300x224.webp 300w, https:\/\/liasgruppe.de\/wp-content\/uploads\/2024\/08\/16970556733-1024x765.webp 1024w, https:\/\/liasgruppe.de\/wp-content\/uploads\/2024\/08\/16970556733-768x573.webp 768w, https:\/\/liasgruppe.de\/wp-content\/uploads\/2024\/08\/16970556733-600x448.webp 600w\" sizes=\"(max-width: 1500px) 100vw, 1500px\" \/><span class=\"wpb_single_image_caption\">SALMON<\/span><\/a>\n\t\t<\/figure>\n\t<\/div>\n<\/div><\/div><\/div><div class=\"wpb_column vc_column_container vc_col-sm-6\"><div class=\"vc_column-inner\"><div class=\"wpb_wrapper\">\n\t<div  class=\"wpb_single_image wpb_content_element vc_align_ wpb_content_element\">\n\t\t\n\t\t<figure class=\"wpb_wrapper vc_figure\">\n\t\t\t<a class=\"\" data-lightbox=\"lightbox[rel-5891-1468959969]\" href=\"https:\/\/liasgruppe.de\/wp-content\/uploads\/2024\/08\/16970556732-1024x765.webp\" target=\"_self\"><img width=\"1500\" height=\"1120\" src=\"https:\/\/liasgruppe.de\/wp-content\/uploads\/2024\/08\/16970556732.webp\" class=\"vc_single_image-img attachment-full\" alt=\"\" title=\"16970556732\" srcset=\"https:\/\/liasgruppe.de\/wp-content\/uploads\/2024\/08\/16970556732.webp 1500w, https:\/\/liasgruppe.de\/wp-content\/uploads\/2024\/08\/16970556732-300x224.webp 300w, https:\/\/liasgruppe.de\/wp-content\/uploads\/2024\/08\/16970556732-1024x765.webp 1024w, https:\/\/liasgruppe.de\/wp-content\/uploads\/2024\/08\/16970556732-768x573.webp 768w, https:\/\/liasgruppe.de\/wp-content\/uploads\/2024\/08\/16970556732-600x448.webp 600w\" sizes=\"(max-width: 1500px) 100vw, 1500px\" \/><span class=\"wpb_single_image_caption\">AMBER<\/span><\/a>\n\t\t<\/figure>\n\t<\/div>\n<div class=\"vc_empty_space\"   style=\"height: 30px\"><span class=\"vc_empty_space_inner\"><\/span><\/div><\/div><\/div><\/div><\/div><\/div><\/div><\/div><div class=\"wpb_column vc_column_container vc_col-sm-6\"><div class=\"vc_column-inner\"><div class=\"wpb_wrapper\"><h1 class=\"vcex-heading vcex-heading-plain vcex-module wpex-heading wpex-text-2xl\"><span class=\"vcex-heading-inner wpex-inline-block\">Stilvolle R\u00e4ume: Bello Kulturbaustein Kollektion<\/span><\/h1>\n\t<div class=\"wpb_text_column wpb_content_element\" >\n\t\t<div class=\"wpb_wrapper\">\n\t\t\t<p>Mit ihrer eleganten Beschaffenheit und ihrem einzigartigen Design erm\u00f6glicht diese Kollektion k\u00fcnstlerischen Ausdruck und vermittelt gleichzeitig einen edlen Geschmack. Mit ihren Alternativen aus Natursteinmauerwerk und Ziegelsteinen ist diese einzigartige Stonelegant-Kollektion eine unverzichtbare Wahl f\u00fcr stilbewusste Umgebungen. Diese Designs, die sowohl im Innen- als auch im Au\u00dfenbereich eingesetzt werden k\u00f6nnen, verleihen jeder Umgebung eine einzigartige Raffinesse.<\/p>\n\n\t\t<\/div>\n\t<\/div>\n<\/div><\/div><\/div><\/div><div class=\"vc_row wpb_row vc_row-fluid\"><div class=\"wpb_column vc_column_container vc_col-sm-12\"><div class=\"vc_column-inner\"><div class=\"wpb_wrapper\"><h2 class=\"vcex-heading vcex-heading-plain vcex-module wpex-heading wpex-text-2xl\"><span class=\"vcex-heading-inner wpex-inline-block\">Verwendete Projekte<\/span><\/h2><div class=\"vc_empty_space\"   style=\"height: 30px\"><span class=\"vc_empty_space_inner\"><\/span><\/div><div class=\"vcex-image-grid-wrap wpex-clr\"><div class=\"vcex-module vcex-image-grid grid-style-default wpex-row wpex-clr wpex-lightbox-group\"><div class=\"id-5895 vcex-image-grid-entry vcex-grid-item textcenter span_1_of_4 col col-1\"><figure class=\"vcex-image-grid-entry-figure wpex-last-mb-0 wpex-clr\"><div class=\"vcex-image-grid-entry-img entry-media wpex-mb-20\"><a href=\"https:\/\/liasgruppe.de\/wp-content\/uploads\/2024\/08\/16975740563-1500x844.webp\" class=\"vcex-image-grid-entry-link wpex-lightbox-group-item\" ><img width=\"1920\" height=\"1080\" src=\"https:\/\/liasgruppe.de\/wp-content\/uploads\/2024\/08\/16975740563.webp\" class=\"wpex-align-middle\" alt=\"\" loading=\"lazy\" decoding=\"async\" srcset=\"https:\/\/liasgruppe.de\/wp-content\/uploads\/2024\/08\/16975740563.webp 1920w, https:\/\/liasgruppe.de\/wp-content\/uploads\/2024\/08\/16975740563-300x169.webp 300w, https:\/\/liasgruppe.de\/wp-content\/uploads\/2024\/08\/16975740563-1024x576.webp 1024w, https:\/\/liasgruppe.de\/wp-content\/uploads\/2024\/08\/16975740563-768x432.webp 768w, https:\/\/liasgruppe.de\/wp-content\/uploads\/2024\/08\/16975740563-1536x864.webp 1536w, https:\/\/liasgruppe.de\/wp-content\/uploads\/2024\/08\/16975740563-600x338.webp 600w, https:\/\/liasgruppe.de\/wp-content\/uploads\/2024\/08\/16975740563-1500x844.webp 1500w\" sizes=\"auto, (max-width: 1920px) 100vw, 1920px\" \/><\/a><\/div><\/figure><\/div><div class=\"id-5896 vcex-image-grid-entry vcex-grid-item textcenter span_1_of_4 col col-2\"><figure class=\"vcex-image-grid-entry-figure wpex-last-mb-0 wpex-clr\"><div class=\"vcex-image-grid-entry-img entry-media wpex-mb-20\"><a href=\"https:\/\/liasgruppe.de\/wp-content\/uploads\/2024\/08\/16975740562-1500x844.webp\" class=\"vcex-image-grid-entry-link wpex-lightbox-group-item\" ><img width=\"1920\" height=\"1080\" src=\"https:\/\/liasgruppe.de\/wp-content\/uploads\/2024\/08\/16975740562.webp\" class=\"wpex-align-middle\" alt=\"\" loading=\"lazy\" decoding=\"async\" srcset=\"https:\/\/liasgruppe.de\/wp-content\/uploads\/2024\/08\/16975740562.webp 1920w, https:\/\/liasgruppe.de\/wp-content\/uploads\/2024\/08\/16975740562-300x169.webp 300w, https:\/\/liasgruppe.de\/wp-content\/uploads\/2024\/08\/16975740562-1024x576.webp 1024w, https:\/\/liasgruppe.de\/wp-content\/uploads\/2024\/08\/16975740562-768x432.webp 768w, https:\/\/liasgruppe.de\/wp-content\/uploads\/2024\/08\/16975740562-1536x864.webp 1536w, https:\/\/liasgruppe.de\/wp-content\/uploads\/2024\/08\/16975740562-600x338.webp 600w, https:\/\/liasgruppe.de\/wp-content\/uploads\/2024\/08\/16975740562-1500x844.webp 1500w\" sizes=\"auto, (max-width: 1920px) 100vw, 1920px\" \/><\/a><\/div><\/figure><\/div><div class=\"id-5897 vcex-image-grid-entry vcex-grid-item textcenter span_1_of_4 col col-3\"><figure class=\"vcex-image-grid-entry-figure wpex-last-mb-0 wpex-clr\"><div class=\"vcex-image-grid-entry-img entry-media wpex-mb-20\"><a href=\"https:\/\/liasgruppe.de\/wp-content\/uploads\/2024\/08\/16975740561-1500x844.webp\" class=\"vcex-image-grid-entry-link wpex-lightbox-group-item\" ><img width=\"1920\" height=\"1080\" src=\"https:\/\/liasgruppe.de\/wp-content\/uploads\/2024\/08\/16975740561.webp\" class=\"wpex-align-middle\" alt=\"\" loading=\"lazy\" decoding=\"async\" srcset=\"https:\/\/liasgruppe.de\/wp-content\/uploads\/2024\/08\/16975740561.webp 1920w, https:\/\/liasgruppe.de\/wp-content\/uploads\/2024\/08\/16975740561-300x169.webp 300w, https:\/\/liasgruppe.de\/wp-content\/uploads\/2024\/08\/16975740561-1024x576.webp 1024w, https:\/\/liasgruppe.de\/wp-content\/uploads\/2024\/08\/16975740561-768x432.webp 768w, https:\/\/liasgruppe.de\/wp-content\/uploads\/2024\/08\/16975740561-1536x864.webp 1536w, https:\/\/liasgruppe.de\/wp-content\/uploads\/2024\/08\/16975740561-600x338.webp 600w, https:\/\/liasgruppe.de\/wp-content\/uploads\/2024\/08\/16975740561-1500x844.webp 1500w\" sizes=\"auto, (max-width: 1920px) 100vw, 1920px\" \/><\/a><\/div><\/figure><\/div><\/div><\/div><\/div><\/div><\/div><\/div>\n<\/div>","protected":false},"excerpt":{"rendered":"","protected":false},"author":1,"featured_media":0,"parent":0,"menu_order":0,"comment_status":"closed","ping_status":"closed","template":"templates\/no-sidebar.php","meta":{"inline_featured_image":false,"footnotes":""},"class_list":["post-5891","page","type-page","status-publish","hentry","entry","no-media"],"_links":{"self":[{"href":"https:\/\/liasgruppe.de\/de\/wp-json\/wp\/v2\/pages\/5891","targetHints":{"allow":["GET"]}}],"collection":[{"href":"https:\/\/liasgruppe.de\/de\/wp-json\/wp\/v2\/pages"}],"about":[{"href":"https:\/\/liasgruppe.de\/de\/wp-json\/wp\/v2\/types\/page"}],"author":[{"embeddable":true,"href":"https:\/\/liasgruppe.de\/de\/wp-json\/wp\/v2\/users\/1"}],"replies":[{"embeddable":true,"href":"https:\/\/liasgruppe.de\/de\/wp-json\/wp\/v2\/comments?post=5891"}],"version-history":[{"count":2,"href":"https:\/\/liasgruppe.de\/de\/wp-json\/wp\/v2\/pages\/5891\/revisions"}],"predecessor-version":[{"id":6032,"href":"https:\/\/liasgruppe.de\/de\/wp-json\/wp\/v2\/pages\/5891\/revisions\/6032"}],"wp:attachment":[{"href":"https:\/\/liasgruppe.de\/de\/wp-json\/wp\/v2\/media?parent=5891"}],"curies":[{"name":"wp","href":"https:\/\/api.w.org\/{rel}","templated":true}]}}