{"id":5900,"date":"2024-08-26T11:27:57","date_gmt":"2024-08-26T08:27:57","guid":{"rendered":"https:\/\/liasgruppe.de\/?page_id=5900"},"modified":"2024-09-09T12:59:05","modified_gmt":"2024-09-09T09:59:05","slug":"figura-kultur-tuglasi-koleksiyonu","status":"publish","type":"page","link":"https:\/\/liasgruppe.de\/de\/figura-kultur-tuglasi-koleksiyonu\/","title":{"rendered":"Figura Kulturbaustein Kollektion"},"content":{"rendered":"<div class=\"wpb-content-wrapper\"><div class=\"vc_row wpb_row vc_row-fluid\"><div class=\"wpb_column vc_column_container vc_col-sm-6\"><div class=\"vc_column-inner\"><div class=\"wpb_wrapper\"><div class=\"vc_row wpb_row vc_inner vc_row-fluid\"><div class=\"wpb_column vc_column_container vc_col-sm-6\"><div class=\"vc_column-inner\"><div class=\"wpb_wrapper\">\n\t<div  class=\"wpb_single_image wpb_content_element vc_align_ wpb_content_element\">\n\t\t\n\t\t<figure class=\"wpb_wrapper vc_figure\">\n\t\t\t<a class=\"\" data-lightbox=\"lightbox[rel-5900-1277573476]\" href=\"https:\/\/liasgruppe.de\/wp-content\/uploads\/2024\/08\/16970556921-1-1024x765.webp\" target=\"_self\"><img width=\"1500\" height=\"1120\" src=\"https:\/\/liasgruppe.de\/wp-content\/uploads\/2024\/08\/16970556921-1.webp\" class=\"vc_single_image-img attachment-full\" alt=\"\" title=\"16970556921 (1)\" srcset=\"https:\/\/liasgruppe.de\/wp-content\/uploads\/2024\/08\/16970556921-1.webp 1500w, https:\/\/liasgruppe.de\/wp-content\/uploads\/2024\/08\/16970556921-1-300x224.webp 300w, https:\/\/liasgruppe.de\/wp-content\/uploads\/2024\/08\/16970556921-1-1024x765.webp 1024w, https:\/\/liasgruppe.de\/wp-content\/uploads\/2024\/08\/16970556921-1-768x573.webp 768w, https:\/\/liasgruppe.de\/wp-content\/uploads\/2024\/08\/16970556921-1-600x448.webp 600w\" sizes=\"(max-width: 1500px) 100vw, 1500px\" \/><span class=\"wpb_single_image_caption\">LIGHT GREY<\/span><\/a>\n\t\t<\/figure>\n\t<\/div>\n<div class=\"vc_empty_space\"   style=\"height: 30px\"><span class=\"vc_empty_space_inner\"><\/span><\/div>\n\t<div  class=\"wpb_single_image wpb_content_element vc_align_ wpb_content_element\">\n\t\t\n\t\t<figure class=\"wpb_wrapper vc_figure\">\n\t\t\t<a class=\"\" data-lightbox=\"lightbox[rel-5900-3842083466]\" href=\"https:\/\/liasgruppe.de\/wp-content\/uploads\/2024\/08\/16970556923-1024x765.webp\" target=\"_self\"><img width=\"1500\" height=\"1120\" src=\"https:\/\/liasgruppe.de\/wp-content\/uploads\/2024\/08\/16970556923.webp\" class=\"vc_single_image-img attachment-full\" alt=\"\" title=\"16970556923\" srcset=\"https:\/\/liasgruppe.de\/wp-content\/uploads\/2024\/08\/16970556923.webp 1500w, https:\/\/liasgruppe.de\/wp-content\/uploads\/2024\/08\/16970556923-300x224.webp 300w, https:\/\/liasgruppe.de\/wp-content\/uploads\/2024\/08\/16970556923-1024x765.webp 1024w, https:\/\/liasgruppe.de\/wp-content\/uploads\/2024\/08\/16970556923-768x573.webp 768w, https:\/\/liasgruppe.de\/wp-content\/uploads\/2024\/08\/16970556923-600x448.webp 600w\" sizes=\"(max-width: 1500px) 100vw, 1500px\" \/><span class=\"wpb_single_image_caption\">RUSTIC<\/span><\/a>\n\t\t<\/figure>\n\t<\/div>\n<div class=\"vc_empty_space\"   style=\"height: 30px\"><span class=\"vc_empty_space_inner\"><\/span><\/div>\n\t<div  class=\"wpb_single_image wpb_content_element vc_align_ wpb_content_element\">\n\t\t\n\t\t<figure class=\"wpb_wrapper vc_figure\">\n\t\t\t<a class=\"\" data-lightbox=\"lightbox[rel-5900-1884720539]\" href=\"https:\/\/liasgruppe.de\/wp-content\/uploads\/2024\/08\/169795981811-1024x765.webp\" target=\"_self\"><img width=\"1500\" height=\"1120\" src=\"https:\/\/liasgruppe.de\/wp-content\/uploads\/2024\/08\/169795981811.webp\" class=\"vc_single_image-img attachment-full\" alt=\"\" title=\"169795981811\" srcset=\"https:\/\/liasgruppe.de\/wp-content\/uploads\/2024\/08\/169795981811.webp 1500w, https:\/\/liasgruppe.de\/wp-content\/uploads\/2024\/08\/169795981811-300x224.webp 300w, https:\/\/liasgruppe.de\/wp-content\/uploads\/2024\/08\/169795981811-1024x765.webp 1024w, https:\/\/liasgruppe.de\/wp-content\/uploads\/2024\/08\/169795981811-768x573.webp 768w, https:\/\/liasgruppe.de\/wp-content\/uploads\/2024\/08\/169795981811-600x448.webp 600w\" sizes=\"(max-width: 1500px) 100vw, 1500px\" \/><span class=\"wpb_single_image_caption\">DARK GREY<\/span><\/a>\n\t\t<\/figure>\n\t<\/div>\n<\/div><\/div><\/div><div class=\"wpb_column vc_column_container vc_col-sm-6\"><div class=\"vc_column-inner\"><div class=\"wpb_wrapper\">\n\t<div  class=\"wpb_single_image wpb_content_element vc_align_ wpb_content_element\">\n\t\t\n\t\t<figure class=\"wpb_wrapper vc_figure\">\n\t\t\t<a class=\"\" data-lightbox=\"lightbox[rel-5900-3595565794]\" href=\"https:\/\/liasgruppe.de\/wp-content\/uploads\/2024\/08\/16970556922-1024x765.webp\" target=\"_self\"><img width=\"1500\" height=\"1120\" src=\"https:\/\/liasgruppe.de\/wp-content\/uploads\/2024\/08\/16970556922.webp\" class=\"vc_single_image-img attachment-full\" alt=\"\" title=\"16970556922\" srcset=\"https:\/\/liasgruppe.de\/wp-content\/uploads\/2024\/08\/16970556922.webp 1500w, https:\/\/liasgruppe.de\/wp-content\/uploads\/2024\/08\/16970556922-300x224.webp 300w, https:\/\/liasgruppe.de\/wp-content\/uploads\/2024\/08\/16970556922-1024x765.webp 1024w, https:\/\/liasgruppe.de\/wp-content\/uploads\/2024\/08\/16970556922-768x573.webp 768w, https:\/\/liasgruppe.de\/wp-content\/uploads\/2024\/08\/16970556922-600x448.webp 600w\" sizes=\"(max-width: 1500px) 100vw, 1500px\" \/><span class=\"wpb_single_image_caption\">ANTIQUE RED<\/span><\/a>\n\t\t<\/figure>\n\t<\/div>\n<div class=\"vc_empty_space\"   style=\"height: 30px\"><span class=\"vc_empty_space_inner\"><\/span><\/div>\n\t<div  class=\"wpb_single_image wpb_content_element vc_align_ wpb_content_element\">\n\t\t\n\t\t<figure class=\"wpb_wrapper vc_figure\">\n\t\t\t<a class=\"\" data-lightbox=\"lightbox[rel-5900-1855594690]\" href=\"https:\/\/liasgruppe.de\/wp-content\/uploads\/2024\/08\/16970556924-1024x765.webp\" target=\"_self\"><img width=\"1500\" height=\"1120\" src=\"https:\/\/liasgruppe.de\/wp-content\/uploads\/2024\/08\/16970556924.webp\" class=\"vc_single_image-img attachment-full\" alt=\"\" title=\"16970556924\" srcset=\"https:\/\/liasgruppe.de\/wp-content\/uploads\/2024\/08\/16970556924.webp 1500w, https:\/\/liasgruppe.de\/wp-content\/uploads\/2024\/08\/16970556924-300x224.webp 300w, https:\/\/liasgruppe.de\/wp-content\/uploads\/2024\/08\/16970556924-1024x765.webp 1024w, https:\/\/liasgruppe.de\/wp-content\/uploads\/2024\/08\/16970556924-768x573.webp 768w, https:\/\/liasgruppe.de\/wp-content\/uploads\/2024\/08\/16970556924-600x448.webp 600w\" sizes=\"(max-width: 1500px) 100vw, 1500px\" \/><span class=\"wpb_single_image_caption\">SALMON<\/span><\/a>\n\t\t<\/figure>\n\t<\/div>\n<div class=\"vc_empty_space\"   style=\"height: 30px\"><span class=\"vc_empty_space_inner\"><\/span><\/div><\/div><\/div><\/div><\/div><\/div><\/div><\/div><div class=\"wpb_column vc_column_container vc_col-sm-6\"><div class=\"vc_column-inner\"><div class=\"wpb_wrapper\"><h1 class=\"vcex-heading vcex-heading-plain vcex-module wpex-heading wpex-text-2xl\"><span class=\"vcex-heading-inner wpex-inline-block\">Moderne Darstellung historischer Strukturen: Figura Kulturbaustein Kollektion<\/span><\/h1>\n\t<div class=\"wpb_text_column wpb_content_element\" >\n\t\t<div class=\"wpb_wrapper\">\n\t\t\t<p>Die Figura Kulturbaustein Kollektion verbindet Vergangenheit und Gegenwart und verleiht R\u00e4umen einen einzigartigen Charakter, indem sie historische Strukturen mit zeitgen\u00f6ssischem Design verbindet. Diese Kollektion bietet ein \u00e4sthetisches Fest mit Wandverkleidungen aus Kultursteinen und Naturstein, die in Innen- und Au\u00dfenr\u00e4umen verwendet werden. Die einzigartigen Designs von Figura verwandeln Ihre R\u00e4ume in eine mystische Atmosph\u00e4re, in der Sie jeden Moment genie\u00dfen k\u00f6nnen.<\/p>\n\n\t\t<\/div>\n\t<\/div>\n<\/div><\/div><\/div><\/div><div class=\"vc_row wpb_row vc_row-fluid\"><div class=\"wpb_column vc_column_container vc_col-sm-12\"><div class=\"vc_column-inner\"><div class=\"wpb_wrapper\"><h2 class=\"vcex-heading vcex-heading-plain vcex-module wpex-heading wpex-text-2xl\"><span class=\"vcex-heading-inner wpex-inline-block\">Verwendete Projekte<\/span><\/h2><div class=\"vc_empty_space\"   style=\"height: 30px\"><span class=\"vc_empty_space_inner\"><\/span><\/div><div class=\"vcex-image-grid-wrap wpex-clr\"><div class=\"vcex-module vcex-image-grid grid-style-default wpex-row wpex-clr wpex-lightbox-group\"><div class=\"id-5906 vcex-image-grid-entry vcex-grid-item textcenter span_1_of_4 col col-1\"><figure class=\"vcex-image-grid-entry-figure wpex-last-mb-0 wpex-clr\"><div class=\"vcex-image-grid-entry-img entry-media wpex-mb-20\"><a href=\"https:\/\/liasgruppe.de\/wp-content\/uploads\/2024\/08\/169757407011-1500x844.webp\" class=\"vcex-image-grid-entry-link wpex-lightbox-group-item\" ><img width=\"1920\" height=\"1080\" src=\"https:\/\/liasgruppe.de\/wp-content\/uploads\/2024\/08\/169757407011.webp\" class=\"wpex-align-middle\" alt=\"\" loading=\"lazy\" decoding=\"async\" srcset=\"https:\/\/liasgruppe.de\/wp-content\/uploads\/2024\/08\/169757407011.webp 1920w, https:\/\/liasgruppe.de\/wp-content\/uploads\/2024\/08\/169757407011-300x169.webp 300w, https:\/\/liasgruppe.de\/wp-content\/uploads\/2024\/08\/169757407011-1024x576.webp 1024w, https:\/\/liasgruppe.de\/wp-content\/uploads\/2024\/08\/169757407011-768x432.webp 768w, https:\/\/liasgruppe.de\/wp-content\/uploads\/2024\/08\/169757407011-1536x864.webp 1536w, https:\/\/liasgruppe.de\/wp-content\/uploads\/2024\/08\/169757407011-600x338.webp 600w, https:\/\/liasgruppe.de\/wp-content\/uploads\/2024\/08\/169757407011-1500x844.webp 1500w\" sizes=\"auto, (max-width: 1920px) 100vw, 1920px\" \/><\/a><\/div><\/figure><\/div><div class=\"id-5907 vcex-image-grid-entry vcex-grid-item textcenter span_1_of_4 col col-2\"><figure class=\"vcex-image-grid-entry-figure wpex-last-mb-0 wpex-clr\"><div class=\"vcex-image-grid-entry-img entry-media wpex-mb-20\"><a href=\"https:\/\/liasgruppe.de\/wp-content\/uploads\/2024\/08\/169757407010-1500x844.webp\" class=\"vcex-image-grid-entry-link wpex-lightbox-group-item\" ><img width=\"1920\" height=\"1080\" src=\"https:\/\/liasgruppe.de\/wp-content\/uploads\/2024\/08\/169757407010.webp\" class=\"wpex-align-middle\" alt=\"\" loading=\"lazy\" decoding=\"async\" srcset=\"https:\/\/liasgruppe.de\/wp-content\/uploads\/2024\/08\/169757407010.webp 1920w, https:\/\/liasgruppe.de\/wp-content\/uploads\/2024\/08\/169757407010-300x169.webp 300w, https:\/\/liasgruppe.de\/wp-content\/uploads\/2024\/08\/169757407010-1024x576.webp 1024w, https:\/\/liasgruppe.de\/wp-content\/uploads\/2024\/08\/169757407010-768x432.webp 768w, https:\/\/liasgruppe.de\/wp-content\/uploads\/2024\/08\/169757407010-1536x864.webp 1536w, https:\/\/liasgruppe.de\/wp-content\/uploads\/2024\/08\/169757407010-600x338.webp 600w, https:\/\/liasgruppe.de\/wp-content\/uploads\/2024\/08\/169757407010-1500x844.webp 1500w\" sizes=\"auto, (max-width: 1920px) 100vw, 1920px\" \/><\/a><\/div><\/figure><\/div><div class=\"id-5908 vcex-image-grid-entry vcex-grid-item textcenter span_1_of_4 col col-3\"><figure class=\"vcex-image-grid-entry-figure wpex-last-mb-0 wpex-clr\"><div class=\"vcex-image-grid-entry-img entry-media wpex-mb-20\"><a href=\"https:\/\/liasgruppe.de\/wp-content\/uploads\/2024\/08\/16975740709-1500x844.webp\" class=\"vcex-image-grid-entry-link wpex-lightbox-group-item\" ><img width=\"1920\" height=\"1080\" src=\"https:\/\/liasgruppe.de\/wp-content\/uploads\/2024\/08\/16975740709.webp\" class=\"wpex-align-middle\" alt=\"\" loading=\"lazy\" decoding=\"async\" srcset=\"https:\/\/liasgruppe.de\/wp-content\/uploads\/2024\/08\/16975740709.webp 1920w, https:\/\/liasgruppe.de\/wp-content\/uploads\/2024\/08\/16975740709-300x169.webp 300w, https:\/\/liasgruppe.de\/wp-content\/uploads\/2024\/08\/16975740709-1024x576.webp 1024w, https:\/\/liasgruppe.de\/wp-content\/uploads\/2024\/08\/16975740709-768x432.webp 768w, https:\/\/liasgruppe.de\/wp-content\/uploads\/2024\/08\/16975740709-1536x864.webp 1536w, https:\/\/liasgruppe.de\/wp-content\/uploads\/2024\/08\/16975740709-600x338.webp 600w, https:\/\/liasgruppe.de\/wp-content\/uploads\/2024\/08\/16975740709-1500x844.webp 1500w\" sizes=\"auto, (max-width: 1920px) 100vw, 1920px\" \/><\/a><\/div><\/figure><\/div><div class=\"id-5909 vcex-image-grid-entry vcex-grid-item textcenter span_1_of_4 col col-4\"><figure class=\"vcex-image-grid-entry-figure wpex-last-mb-0 wpex-clr\"><div class=\"vcex-image-grid-entry-img entry-media wpex-mb-20\"><a href=\"https:\/\/liasgruppe.de\/wp-content\/uploads\/2024\/08\/16975740708-1500x844.webp\" class=\"vcex-image-grid-entry-link wpex-lightbox-group-item\" ><img width=\"1920\" height=\"1080\" src=\"https:\/\/liasgruppe.de\/wp-content\/uploads\/2024\/08\/16975740708.webp\" class=\"wpex-align-middle\" alt=\"\" loading=\"lazy\" decoding=\"async\" srcset=\"https:\/\/liasgruppe.de\/wp-content\/uploads\/2024\/08\/16975740708.webp 1920w, https:\/\/liasgruppe.de\/wp-content\/uploads\/2024\/08\/16975740708-300x169.webp 300w, https:\/\/liasgruppe.de\/wp-content\/uploads\/2024\/08\/16975740708-1024x576.webp 1024w, https:\/\/liasgruppe.de\/wp-content\/uploads\/2024\/08\/16975740708-768x432.webp 768w, https:\/\/liasgruppe.de\/wp-content\/uploads\/2024\/08\/16975740708-1536x864.webp 1536w, https:\/\/liasgruppe.de\/wp-content\/uploads\/2024\/08\/16975740708-600x338.webp 600w, https:\/\/liasgruppe.de\/wp-content\/uploads\/2024\/08\/16975740708-1500x844.webp 1500w\" sizes=\"auto, (max-width: 1920px) 100vw, 1920px\" \/><\/a><\/div><\/figure><\/div><div class=\"id-5910 vcex-image-grid-entry vcex-grid-item textcenter span_1_of_4 col col-1\"><figure class=\"vcex-image-grid-entry-figure wpex-last-mb-0 wpex-clr\"><div class=\"vcex-image-grid-entry-img entry-media wpex-mb-20\"><a href=\"https:\/\/liasgruppe.de\/wp-content\/uploads\/2024\/08\/16975740707-1500x844.webp\" class=\"vcex-image-grid-entry-link wpex-lightbox-group-item\" ><img width=\"1920\" height=\"1080\" src=\"https:\/\/liasgruppe.de\/wp-content\/uploads\/2024\/08\/16975740707.webp\" class=\"wpex-align-middle\" alt=\"\" loading=\"lazy\" decoding=\"async\" srcset=\"https:\/\/liasgruppe.de\/wp-content\/uploads\/2024\/08\/16975740707.webp 1920w, https:\/\/liasgruppe.de\/wp-content\/uploads\/2024\/08\/16975740707-300x169.webp 300w, https:\/\/liasgruppe.de\/wp-content\/uploads\/2024\/08\/16975740707-1024x576.webp 1024w, https:\/\/liasgruppe.de\/wp-content\/uploads\/2024\/08\/16975740707-768x432.webp 768w, https:\/\/liasgruppe.de\/wp-content\/uploads\/2024\/08\/16975740707-1536x864.webp 1536w, https:\/\/liasgruppe.de\/wp-content\/uploads\/2024\/08\/16975740707-600x338.webp 600w, https:\/\/liasgruppe.de\/wp-content\/uploads\/2024\/08\/16975740707-1500x844.webp 1500w\" sizes=\"auto, (max-width: 1920px) 100vw, 1920px\" \/><\/a><\/div><\/figure><\/div><div class=\"id-5911 vcex-image-grid-entry vcex-grid-item textcenter span_1_of_4 col col-2\"><figure class=\"vcex-image-grid-entry-figure wpex-last-mb-0 wpex-clr\"><div class=\"vcex-image-grid-entry-img entry-media wpex-mb-20\"><a href=\"https:\/\/liasgruppe.de\/wp-content\/uploads\/2024\/08\/16975740706-1500x844.webp\" class=\"vcex-image-grid-entry-link wpex-lightbox-group-item\" ><img width=\"1920\" height=\"1080\" src=\"https:\/\/liasgruppe.de\/wp-content\/uploads\/2024\/08\/16975740706.webp\" class=\"wpex-align-middle\" alt=\"\" loading=\"lazy\" decoding=\"async\" srcset=\"https:\/\/liasgruppe.de\/wp-content\/uploads\/2024\/08\/16975740706.webp 1920w, https:\/\/liasgruppe.de\/wp-content\/uploads\/2024\/08\/16975740706-300x169.webp 300w, https:\/\/liasgruppe.de\/wp-content\/uploads\/2024\/08\/16975740706-1024x576.webp 1024w, https:\/\/liasgruppe.de\/wp-content\/uploads\/2024\/08\/16975740706-768x432.webp 768w, https:\/\/liasgruppe.de\/wp-content\/uploads\/2024\/08\/16975740706-1536x864.webp 1536w, https:\/\/liasgruppe.de\/wp-content\/uploads\/2024\/08\/16975740706-600x338.webp 600w, https:\/\/liasgruppe.de\/wp-content\/uploads\/2024\/08\/16975740706-1500x844.webp 1500w\" sizes=\"auto, (max-width: 1920px) 100vw, 1920px\" \/><\/a><\/div><\/figure><\/div><div class=\"id-5912 vcex-image-grid-entry vcex-grid-item textcenter span_1_of_4 col col-3\"><figure class=\"vcex-image-grid-entry-figure wpex-last-mb-0 wpex-clr\"><div class=\"vcex-image-grid-entry-img entry-media wpex-mb-20\"><a href=\"https:\/\/liasgruppe.de\/wp-content\/uploads\/2024\/08\/16975740705-1500x844.webp\" class=\"vcex-image-grid-entry-link wpex-lightbox-group-item\" ><img width=\"1920\" height=\"1080\" src=\"https:\/\/liasgruppe.de\/wp-content\/uploads\/2024\/08\/16975740705.webp\" class=\"wpex-align-middle\" alt=\"\" loading=\"lazy\" decoding=\"async\" srcset=\"https:\/\/liasgruppe.de\/wp-content\/uploads\/2024\/08\/16975740705.webp 1920w, https:\/\/liasgruppe.de\/wp-content\/uploads\/2024\/08\/16975740705-300x169.webp 300w, https:\/\/liasgruppe.de\/wp-content\/uploads\/2024\/08\/16975740705-1024x576.webp 1024w, https:\/\/liasgruppe.de\/wp-content\/uploads\/2024\/08\/16975740705-768x432.webp 768w, https:\/\/liasgruppe.de\/wp-content\/uploads\/2024\/08\/16975740705-1536x864.webp 1536w, https:\/\/liasgruppe.de\/wp-content\/uploads\/2024\/08\/16975740705-600x338.webp 600w, https:\/\/liasgruppe.de\/wp-content\/uploads\/2024\/08\/16975740705-1500x844.webp 1500w\" sizes=\"auto, (max-width: 1920px) 100vw, 1920px\" \/><\/a><\/div><\/figure><\/div><div class=\"id-5913 vcex-image-grid-entry vcex-grid-item textcenter span_1_of_4 col col-4\"><figure class=\"vcex-image-grid-entry-figure wpex-last-mb-0 wpex-clr\"><div class=\"vcex-image-grid-entry-img entry-media wpex-mb-20\"><a href=\"https:\/\/liasgruppe.de\/wp-content\/uploads\/2024\/08\/16975740704-1500x844.webp\" class=\"vcex-image-grid-entry-link wpex-lightbox-group-item\" ><img width=\"1920\" height=\"1080\" src=\"https:\/\/liasgruppe.de\/wp-content\/uploads\/2024\/08\/16975740704.webp\" class=\"wpex-align-middle\" alt=\"\" loading=\"lazy\" decoding=\"async\" srcset=\"https:\/\/liasgruppe.de\/wp-content\/uploads\/2024\/08\/16975740704.webp 1920w, https:\/\/liasgruppe.de\/wp-content\/uploads\/2024\/08\/16975740704-300x169.webp 300w, https:\/\/liasgruppe.de\/wp-content\/uploads\/2024\/08\/16975740704-1024x576.webp 1024w, https:\/\/liasgruppe.de\/wp-content\/uploads\/2024\/08\/16975740704-768x432.webp 768w, https:\/\/liasgruppe.de\/wp-content\/uploads\/2024\/08\/16975740704-1536x864.webp 1536w, https:\/\/liasgruppe.de\/wp-content\/uploads\/2024\/08\/16975740704-600x338.webp 600w, https:\/\/liasgruppe.de\/wp-content\/uploads\/2024\/08\/16975740704-1500x844.webp 1500w\" sizes=\"auto, (max-width: 1920px) 100vw, 1920px\" \/><\/a><\/div><\/figure><\/div><div class=\"id-5914 vcex-image-grid-entry vcex-grid-item textcenter span_1_of_4 col col-1\"><figure class=\"vcex-image-grid-entry-figure wpex-last-mb-0 wpex-clr\"><div class=\"vcex-image-grid-entry-img entry-media wpex-mb-20\"><a href=\"https:\/\/liasgruppe.de\/wp-content\/uploads\/2024\/08\/16975740703-1500x844.webp\" class=\"vcex-image-grid-entry-link wpex-lightbox-group-item\" ><img width=\"1920\" height=\"1080\" src=\"https:\/\/liasgruppe.de\/wp-content\/uploads\/2024\/08\/16975740703.webp\" class=\"wpex-align-middle\" alt=\"\" loading=\"lazy\" decoding=\"async\" srcset=\"https:\/\/liasgruppe.de\/wp-content\/uploads\/2024\/08\/16975740703.webp 1920w, https:\/\/liasgruppe.de\/wp-content\/uploads\/2024\/08\/16975740703-300x169.webp 300w, https:\/\/liasgruppe.de\/wp-content\/uploads\/2024\/08\/16975740703-1024x576.webp 1024w, https:\/\/liasgruppe.de\/wp-content\/uploads\/2024\/08\/16975740703-768x432.webp 768w, https:\/\/liasgruppe.de\/wp-content\/uploads\/2024\/08\/16975740703-1536x864.webp 1536w, https:\/\/liasgruppe.de\/wp-content\/uploads\/2024\/08\/16975740703-600x338.webp 600w, https:\/\/liasgruppe.de\/wp-content\/uploads\/2024\/08\/16975740703-1500x844.webp 1500w\" sizes=\"auto, (max-width: 1920px) 100vw, 1920px\" \/><\/a><\/div><\/figure><\/div><div class=\"id-5915 vcex-image-grid-entry vcex-grid-item textcenter span_1_of_4 col col-2\"><figure class=\"vcex-image-grid-entry-figure wpex-last-mb-0 wpex-clr\"><div class=\"vcex-image-grid-entry-img entry-media wpex-mb-20\"><a href=\"https:\/\/liasgruppe.de\/wp-content\/uploads\/2024\/08\/16975740701-1500x844.webp\" class=\"vcex-image-grid-entry-link wpex-lightbox-group-item\" ><img width=\"1920\" height=\"1080\" src=\"https:\/\/liasgruppe.de\/wp-content\/uploads\/2024\/08\/16975740701.webp\" class=\"wpex-align-middle\" alt=\"\" loading=\"lazy\" decoding=\"async\" srcset=\"https:\/\/liasgruppe.de\/wp-content\/uploads\/2024\/08\/16975740701.webp 1920w, https:\/\/liasgruppe.de\/wp-content\/uploads\/2024\/08\/16975740701-300x169.webp 300w, https:\/\/liasgruppe.de\/wp-content\/uploads\/2024\/08\/16975740701-1024x576.webp 1024w, https:\/\/liasgruppe.de\/wp-content\/uploads\/2024\/08\/16975740701-768x432.webp 768w, https:\/\/liasgruppe.de\/wp-content\/uploads\/2024\/08\/16975740701-1536x864.webp 1536w, https:\/\/liasgruppe.de\/wp-content\/uploads\/2024\/08\/16975740701-600x338.webp 600w, https:\/\/liasgruppe.de\/wp-content\/uploads\/2024\/08\/16975740701-1500x844.webp 1500w\" sizes=\"auto, (max-width: 1920px) 100vw, 1920px\" \/><\/a><\/div><\/figure><\/div><\/div><\/div><\/div><\/div><\/div><\/div>\n<\/div>","protected":false},"excerpt":{"rendered":"","protected":false},"author":1,"featured_media":0,"parent":0,"menu_order":0,"comment_status":"closed","ping_status":"closed","template":"templates\/no-sidebar.php","meta":{"inline_featured_image":false,"footnotes":""},"class_list":["post-5900","page","type-page","status-publish","hentry","entry","no-media"],"_links":{"self":[{"href":"https:\/\/liasgruppe.de\/de\/wp-json\/wp\/v2\/pages\/5900","targetHints":{"allow":["GET"]}}],"collection":[{"href":"https:\/\/liasgruppe.de\/de\/wp-json\/wp\/v2\/pages"}],"about":[{"href":"https:\/\/liasgruppe.de\/de\/wp-json\/wp\/v2\/types\/page"}],"author":[{"embeddable":true,"href":"https:\/\/liasgruppe.de\/de\/wp-json\/wp\/v2\/users\/1"}],"replies":[{"embeddable":true,"href":"https:\/\/liasgruppe.de\/de\/wp-json\/wp\/v2\/comments?post=5900"}],"version-history":[{"count":3,"href":"https:\/\/liasgruppe.de\/de\/wp-json\/wp\/v2\/pages\/5900\/revisions"}],"predecessor-version":[{"id":6034,"href":"https:\/\/liasgruppe.de\/de\/wp-json\/wp\/v2\/pages\/5900\/revisions\/6034"}],"wp:attachment":[{"href":"https:\/\/liasgruppe.de\/de\/wp-json\/wp\/v2\/media?parent=5900"}],"curies":[{"name":"wp","href":"https:\/\/api.w.org\/{rel}","templated":true}]}}